{"id":105,"date":"2020-03-26T14:31:50","date_gmt":"2020-03-26T12:31:50","guid":{"rendered":"http:\/\/acsixt.hypotheses.org\/?page_id=105"},"modified":"2020-03-26T14:31:50","modified_gmt":"2020-03-26T12:31:50","slug":"presentation","status":"publish","type":"page","link":"https:\/\/archives.sixt-sur-aff.fr\/?page_id=105","title":{"rendered":"Pr\u00e9sentation (1\/2)"},"content":{"rendered":"\n<p style=\"text-align: right\"><span style=\"font-size: 20px;color: #339966\">Les Archives<\/span><\/p>\n<p style=\"text-align: justify\">Les archives sont \u00ab l\u2019ensemble des documents, quels que soient leur date, leur lieu de conservation, leur forme et leur support, produits ou re\u00e7us, par toute personne physique ou morale, et par tout service ou organisme public ou priv\u00e9, dans l\u2019exercice de leur activit\u00e9 \u00bb (article L.211-1 du code du patrimoine). En d&rsquo;autres termes, une facture, une lettre, un compte-rendu, une photographie, etc.<\/p>\n<p style=\"text-align: right\"><span style=\"font-size: 20px;color: #339966\"><br \/>Les Archives communales<\/span><\/p>\n<p style=\"text-align: justify\"><span style=\"font-size: 14px\">Vot\u00e9e le 14 d\u00e9cembre 1789 par l\u2019Assembl\u00e9e nationale constituante, la loi relative aux communes d\u00e9cr\u00e8te dans son article 1 de la constitution d\u2019une municipalit\u00e9 dans \u00ab chaque ville, bourg, paroisse ou communaut\u00e9 \u00bb. Ce texte qui se compose de 62 articles porte sur l\u2019organisation et le fonctionnement de chaque commune.<\/span><\/p>\n<p style=\"text-align: justify\"><span style=\"font-size: 14px\">Ainsi depuis ce 14 d\u00e9cembre 1789, les documents produits ou re\u00e7us par la ou le Maire et son secr\u00e9tariat dans le cadre de leur activit\u00e9 sont nomm\u00e9s archives communales.<\/span><\/p>\n<p style=\"text-align: justify\"><span style=\"font-size: 14px\"> Selon la circulaire du 2 novembre 2001 relative \u00e0 la gestion des archives dans les services et \u00e9tablissements publics de l\u2019\u00c9tat, les documents d\u2019archives publiques sont une \u00ab source irrempla\u00e7able d\u2019informations pour l\u2019enseignement et la recherche en science humaine, et en particulier pour l\u2019histoire et ses disciplines associ\u00e9es \u00bb.<\/span><\/p>\n<p style=\"text-align: right\"><span style=\"color: #339966;font-size: 20px\"><br \/>Les Archives de la commune de Sixt-sur-Aff<\/span><\/p>\n<p style=\"text-align: justify\"><span style=\"font-size: 14px\">Durant les mois de mars et avril 2015, la commune de Sixt-sur-Aff a accueilli l\u2019exposition itin\u00e9rante La Grande Guerre r\u00e9alis\u00e9e par les Archives d\u00e9partementales d\u2019Ille-et-Vilaine. Parmi les nombreux documents et pi\u00e8ces d\u2019archives expos\u00e9s (affiches, carte individuelle d\u2019alimentation, courriers, ordre de r\u00e9quisition, objets de collection, t\u00e9l\u00e9grammes, etc.), certains d\u2019entre eux provenaient des archives non class\u00e9es de la commune de Sixt-sur-Aff.<\/span><\/p>\n<p style=\"text-align: justify\"><span style=\"font-size: 14px\"> A la suite de cet \u00e9v\u00e8nement culturel et du patrimoine, Monsieur Ren\u00e9 Riaud, maire de la commune de Sixt-sur-Aff, et les membres du Conseil municipal, d\u00e9cident de proc\u00e9der \u00e0 un classement g\u00e9n\u00e9ral <\/span><span style=\"font-size: 14px\">des archives de la commune.<\/span><\/p>\n<ul style=\"list-style-type: disc\">\n<li style=\"text-align: justify\"><span style=\"font-size: 14px\">Le classement g\u00e9n\u00e9ral des archives de la commune de Sixt-sur-Aff a n\u00e9cessit\u00e9 12 mois,<\/span><\/li>\n<li style=\"text-align: justify\"><span style=\"font-size: 14px\">158,92 m\u00e8tres lin\u00e9aires de documents produits et re\u00e7us par la commune ont \u00e9t\u00e9 trait\u00e9s,<\/span><\/li>\n<li style=\"text-align: justify\"><span style=\"font-size: 14px\">Les documents et pi\u00e8ces d\u2019archives conserv\u00e9s \u00e0 vie repr\u00e9sentent \u00e0 ce jour 104,70 m\u00e8tres lin\u00e9aires,<\/span><\/li>\n<li style=\"text-align: justify\"><span style=\"font-size: 14px\">2 197 r\u00e9f\u00e9rences ou entr\u00e9es ont \u00e9t\u00e9 r\u00e9pertori\u00e9es,<\/span><br \/><span style=\"font-size: 14px\">Les plus anciens documents conserv\u00e9s sont les registres d\u2019\u00e9tat civil et extraits d\u2019actes et de registres de naissance datant de 1793,<\/span><\/li>\n<li style=\"text-align: justify\"><span style=\"font-size: 14px\">Les archives relatives \u00e0 la Premi\u00e8re et Seconde Guerre mondiale repr\u00e9sentent 2,80 m\u00e8tres lin\u00e9aires soit 159 r\u00e9f\u00e9rences. Elles contiennent de nombreux t\u00e9l\u00e9grammes, instructions, circulaires, guides, notices, affiches, ainsi que bons, tickets, feuilles de coupons, cartes individuelles, registres d\u2019attribution et d\u2019inscription, et cahiers de contr\u00f4les de fiches\u2026<\/span><\/li>\n<\/ul>\n<p style=\"text-align: right\"><span style=\"font-size: 14px;color: #800000\"><strong><span class=\"tadv-color\"><a style=\"color: #800000\" href=\"https:\/\/acsixt.hypotheses.org\/presentation2\"><em>=&gt; Page suivante<\/em><\/a><\/span><\/strong><\/span><\/p>\n<p>&nbsp;<\/p>\n<p style=\"text-align: center\"><span style=\"font-size: 14px;color: #800000\"><strong><span class=\"tadv-color\"><a style=\"color: #800000\" href=\"https:\/\/acsixt.hypotheses.org\/mentions-legales\">Mentions l\u00e9gales<\/a> &#8211; <a style=\"color: #800000\" href=\"http:\/\/acsixt.hypotheses.org\/a-propos\">A propos de<\/a> &#8211; <a style=\"color: #800000\" href=\"https:\/\/acsixt.hypotheses.org\/credits\">Cr\u00e9dits<\/a> &#8211; <\/span><\/strong> <strong><a style=\"color: #800000\" href=\"http:\/\/acsixt.hypotheses.org\/informations-pratiques\">Infos pratiques<\/a> &#8211; <a style=\"color: #800000\" href=\"https:\/\/acsixt.hypotheses.org\/contact\">Contact<\/a><\/strong><\/span><\/p>\n<p>&nbsp;<\/p>\n","protected":false},"excerpt":{"rendered":"<p>Les Archives Les archives sont \u00ab l\u2019ensemble des documents, quels que soient leur date, leur lieu de conservation, leur forme et leur support, produits ou re\u00e7us, par toute personne physique ou morale, et par tout service ou organisme public ou priv\u00e9, dans l\u2019exercice de leur activit\u00e9 \u00bb (article L.211-1 du code du patrimoine). En d&rsquo;autres &hellip; <a href=\"https:\/\/archives.sixt-sur-aff.fr\/?page_id=105\" class=\"more-link\">Continuer la lecture de <span class=\"screen-reader-text\">Pr\u00e9sentation (1\/2)<\/span>  <span class=\"meta-nav\">&rarr;<\/span><\/a><\/p>\n","protected":false},"author":1,"featured_media":0,"parent":0,"menu_order":0,"comment_status":"closed","ping_status":"closed","template":"page-templates\/full-width.php","meta":{"footnotes":""},"class_list":["post-105","page","type-page","status-publish","hentry"],"_links":{"self":[{"href":"https:\/\/archives.sixt-sur-aff.fr\/index.php?rest_route=\/wp\/v2\/pages\/105","targetHints":{"allow":["GET"]}}],"collection":[{"href":"https:\/\/archives.sixt-sur-aff.fr\/index.php?rest_route=\/wp\/v2\/pages"}],"about":[{"href":"https:\/\/archives.sixt-sur-aff.fr\/index.php?rest_route=\/wp\/v2\/types\/page"}],"author":[{"embeddable":true,"href":"https:\/\/archives.sixt-sur-aff.fr\/index.php?rest_route=\/wp\/v2\/users\/1"}],"replies":[{"embeddable":true,"href":"https:\/\/archives.sixt-sur-aff.fr\/index.php?rest_route=%2Fwp%2Fv2%2Fcomments&post=105"}],"version-history":[{"count":0,"href":"https:\/\/archives.sixt-sur-aff.fr\/index.php?rest_route=\/wp\/v2\/pages\/105\/revisions"}],"wp:attachment":[{"href":"https:\/\/archives.sixt-sur-aff.fr\/index.php?rest_route=%2Fwp%2Fv2%2Fmedia&parent=105"}],"curies":[{"name":"wp","href":"https:\/\/api.w.org\/{rel}","templated":true}]}}