{"id":108,"date":"2020-03-26T14:32:59","date_gmt":"2020-03-26T12:32:59","guid":{"rendered":"http:\/\/acsixt.hypotheses.org\/?page_id=108"},"modified":"2020-03-26T14:32:59","modified_gmt":"2020-03-26T12:32:59","slug":"actions-culturelles","status":"publish","type":"page","link":"https:\/\/archives.sixt-sur-aff.fr\/?page_id=108","title":{"rendered":"Actions culturelles"},"content":{"rendered":"\n<p style=\"text-align: justify\">Dans cette deuxi\u00e8me section, nous vous proposons de (re)d\u00e9couvrir le patrimoine \u00e9crit et immat\u00e9riel de la commune de Sixt-sur-Aff \u00e0 travers diff\u00e9rentes <a href=\"http:\/\/acsixt.hypotheses.org\/actions-culturelles-evenements\">actions culturelles<\/a> sur le territoire et que vous pourrez retrouver sous forme d\u00e9mat\u00e9rialis\u00e9e. Au programme, Expositions num\u00e9riques, publications (ouvrages, p\u00e9riodiques, actes de colloques, conf\u00e9rences&#8230;).<\/p>\n<p style=\"text-align: justify\">Dans l&rsquo;objectif de valoriser et de partager le patrimoine local, une section d\u00e9nomm\u00e9e <a href=\"http:\/\/acsixt.hypotheses.org\/actions-culturelles-bureau-des-enquetes\">bureau des enqu\u00eates<\/a> a \u00e9t\u00e9 cr\u00e9\u00e9e. Vous y trouverez des documents num\u00e9ris\u00e9s conserv\u00e9s dans les locaux des archives de la Mairie de Sixt-sur-Aff. Il s&rsquo;agit de documents et pi\u00e8ce d&rsquo;archives dont nous ne sommes pas en mesure de dater, de renseigner un lieu, d&rsquo;en d\u00e9terminer l&rsquo;\u00e9v\u00e8nement, de nommer un objet&#8230; N&rsquo;h\u00e9sitez pas \u00e0 participer et \u00e0 contribuer \u00e0 enreichir l&rsquo;histoire de Sixt.<\/p>\n<p style=\"text-align: justify\">Enfin, retrouvez \u00e9galement dans cette section <a href=\"http:\/\/acsixt.hypotheses.org\/actions-culturelles-jeux-darchives\">les mini-jeux d&rsquo;archives<\/a> . Partez \u00e0 la chasse au patrimoine sixtin !<\/p>\n<p>&nbsp;<\/p>\n<p style=\"text-align: center\"><span style=\"font-size: 14px;color: #800000\"><strong><span class=\"tadv-color\"><a style=\"color: #800000\" href=\"https:\/\/acsixt.hypotheses.org\/mentions-legales\">Mentions l\u00e9gales<\/a> &#8211; <a style=\"color: #800000\" href=\"http:\/\/acsixt.hypotheses.org\/a-propos\">A propos de<\/a> &#8211; <a style=\"color: #800000\" href=\"https:\/\/acsixt.hypotheses.org\/credits\">Cr\u00e9dits<\/a> &#8211; <\/span><\/strong> <strong><a style=\"color: #800000\" href=\"http:\/\/acsixt.hypotheses.org\/informations-pratiques\">Infos pratiques<\/a> &#8211; <a style=\"color: #800000\" href=\"https:\/\/acsixt.hypotheses.org\/contact\">Contact<\/a><\/strong><\/span><\/p>\n","protected":false},"excerpt":{"rendered":"<p>Dans cette deuxi\u00e8me section, nous vous proposons de (re)d\u00e9couvrir le patrimoine \u00e9crit et immat\u00e9riel de la commune de Sixt-sur-Aff \u00e0 travers diff\u00e9rentes actions culturelles sur le territoire et que vous pourrez retrouver sous forme d\u00e9mat\u00e9rialis\u00e9e. Au programme, Expositions num\u00e9riques, publications (ouvrages, p\u00e9riodiques, actes de colloques, conf\u00e9rences&#8230;). Dans l&rsquo;objectif de valoriser et de partager le patrimoine &hellip; <a href=\"https:\/\/archives.sixt-sur-aff.fr\/?page_id=108\" class=\"more-link\">Continuer la lecture de <span class=\"screen-reader-text\">Actions culturelles<\/span>  <span class=\"meta-nav\">&rarr;<\/span><\/a><\/p>\n","protected":false},"author":1,"featured_media":0,"parent":0,"menu_order":0,"comment_status":"closed","ping_status":"closed","template":"page-templates\/full-width.php","meta":{"footnotes":""},"class_list":["post-108","page","type-page","status-publish","hentry"],"_links":{"self":[{"href":"https:\/\/archives.sixt-sur-aff.fr\/index.php?rest_route=\/wp\/v2\/pages\/108","targetHints":{"allow":["GET"]}}],"collection":[{"href":"https:\/\/archives.sixt-sur-aff.fr\/index.php?rest_route=\/wp\/v2\/pages"}],"about":[{"href":"https:\/\/archives.sixt-sur-aff.fr\/index.php?rest_route=\/wp\/v2\/types\/page"}],"author":[{"embeddable":true,"href":"https:\/\/archives.sixt-sur-aff.fr\/index.php?rest_route=\/wp\/v2\/users\/1"}],"replies":[{"embeddable":true,"href":"https:\/\/archives.sixt-sur-aff.fr\/index.php?rest_route=%2Fwp%2Fv2%2Fcomments&post=108"}],"version-history":[{"count":0,"href":"https:\/\/archives.sixt-sur-aff.fr\/index.php?rest_route=\/wp\/v2\/pages\/108\/revisions"}],"wp:attachment":[{"href":"https:\/\/archives.sixt-sur-aff.fr\/index.php?rest_route=%2Fwp%2Fv2%2Fmedia&parent=108"}],"curies":[{"name":"wp","href":"https:\/\/api.w.org\/{rel}","templated":true}]}}