{"id":112,"date":"2020-03-26T14:34:16","date_gmt":"2020-03-26T12:34:16","guid":{"rendered":"http:\/\/acsixt.hypotheses.org\/?page_id=112"},"modified":"2020-03-26T14:34:16","modified_gmt":"2020-03-26T12:34:16","slug":"inventaires","status":"publish","type":"page","link":"https:\/\/archives.sixt-sur-aff.fr\/?page_id=112","title":{"rendered":"Inventaires"},"content":{"rendered":"<hr \/><hr \/>\n<p style=\"text-align: justify\"><strong>Les instruments de recherche<\/strong>, \u00e9galement appel\u00e9s <strong>inventaires<\/strong> dans le langage courage, sont des outils sur support papier, num\u00e9ris\u00e9s ou num\u00e9riques mis \u00e0 disposition des lectrices et lecteurs afin d&rsquo;une part, de leur permettre de prendre connaissance de l&rsquo;existence d&rsquo;un certain nombre de documents et pi\u00e8ces d&rsquo;archives class\u00e9s, d&rsquo;autre part de les consulter.<\/p>\n<p style=\"text-align: justify\">A ce jour, les locaux d&rsquo;archives conservent 104.70 m\u00e8tres lin\u00e9aires de documents produits et re\u00e7us par la commune soit 2 197 r\u00e9f\u00e9rences ou entr\u00e9es r\u00e9pertori\u00e9es dans les instruments de recherche.<\/p>\n<p style=\"text-align: justify\">Au mois de janvier 2021 d\u00e9butera le premier suivi des archives de la commune. Cette op\u00e9ration n\u00e9cessitera environ quatre mois de traitement soit pr\u00e8s de 595 heures de classement, de r\u00e9f\u00e9rencement et de rangement afin de s&rsquo;assurer de la pr\u00e9servation des archives pour les prochaines d\u00e9cennies. Cette op\u00e9ration archivistique ne prend pas en compte le traitement des archives num\u00e9riques ni des messageries \u00e9lectroniques.<\/p>\n<p style=\"text-align: justify\">Les archives communales sont organis\u00e9es en trois parties. Les <a href=\"http:\/\/acsixt.hypotheses.org\/archivesanciennes\"><strong>archives anciennes<\/strong>,<\/a> ant\u00e9rieures \u00e0 1790 ; les <a href=\"http:\/\/acsixt.hypotheses.org\/archivesmodernes\"><strong>archives modernes<\/strong><\/a> de 1790 \u00e0 1982 inclus et ; les <a href=\"http:\/\/acsixt.hypotheses.org\/archivescontemporaines\"><strong>archives contemporaines<\/strong><\/a> de 1983 \u00e0 aujourd\u2019hui.<\/p>\n<p style=\"text-align: justify\">Mise en ligne du r\u00e9pertoire, des bordereaux de versement\u00a0 et d&rsquo;\u00e9liminables ainsi que des proc\u00e8s-verbaux d&rsquo;\u00e9limination au mois de septembre 2020.<\/p>\n<p>&nbsp;<\/p>\n<p>&nbsp;<\/p>\n<p style=\"text-align: center\"><span style=\"font-size: 14px;color: #800000\"><strong><span class=\"tadv-color\"><a style=\"color: #800000\" href=\"https:\/\/acsixt.hypotheses.org\/mentions-legales\">Mentions l\u00e9gales<\/a> &#8211; <a style=\"color: #800000\" href=\"http:\/\/acsixt.hypotheses.org\/a-propos\">A propos de<\/a> &#8211; <a style=\"color: #800000\" href=\"https:\/\/acsixt.hypotheses.org\/credits\">Cr\u00e9dits<\/a> &#8211; <\/span><\/strong> <strong><a style=\"color: #800000\" href=\"http:\/\/acsixt.hypotheses.org\/informations-pratiques\">Infos pratiques<\/a> &#8211; <a style=\"color: #800000\" href=\"https:\/\/acsixt.hypotheses.org\/contact\">Contact<\/a><\/strong><\/span><\/p>\n","protected":false},"excerpt":{"rendered":"<p>Les instruments de recherche, \u00e9galement appel\u00e9s inventaires dans le langage courage, sont des outils sur support papier, num\u00e9ris\u00e9s ou num\u00e9riques mis \u00e0 disposition des lectrices et lecteurs afin d&rsquo;une part, de leur permettre de prendre connaissance de l&rsquo;existence d&rsquo;un certain nombre de documents et pi\u00e8ces d&rsquo;archives class\u00e9s, d&rsquo;autre part de les consulter. A ce jour, &hellip; <a href=\"https:\/\/archives.sixt-sur-aff.fr\/?page_id=112\" class=\"more-link\">Continuer la lecture de <span class=\"screen-reader-text\">Inventaires<\/span>  <span class=\"meta-nav\">&rarr;<\/span><\/a><\/p>\n","protected":false},"author":1,"featured_media":0,"parent":0,"menu_order":0,"comment_status":"closed","ping_status":"closed","template":"page-templates\/full-width.php","meta":{"footnotes":""},"class_list":["post-112","page","type-page","status-publish","hentry"],"_links":{"self":[{"href":"https:\/\/archives.sixt-sur-aff.fr\/index.php?rest_route=\/wp\/v2\/pages\/112","targetHints":{"allow":["GET"]}}],"collection":[{"href":"https:\/\/archives.sixt-sur-aff.fr\/index.php?rest_route=\/wp\/v2\/pages"}],"about":[{"href":"https:\/\/archives.sixt-sur-aff.fr\/index.php?rest_route=\/wp\/v2\/types\/page"}],"author":[{"embeddable":true,"href":"https:\/\/archives.sixt-sur-aff.fr\/index.php?rest_route=\/wp\/v2\/users\/1"}],"replies":[{"embeddable":true,"href":"https:\/\/archives.sixt-sur-aff.fr\/index.php?rest_route=%2Fwp%2Fv2%2Fcomments&post=112"}],"version-history":[{"count":0,"href":"https:\/\/archives.sixt-sur-aff.fr\/index.php?rest_route=\/wp\/v2\/pages\/112\/revisions"}],"wp:attachment":[{"href":"https:\/\/archives.sixt-sur-aff.fr\/index.php?rest_route=%2Fwp%2Fv2%2Fmedia&parent=112"}],"curies":[{"name":"wp","href":"https:\/\/api.w.org\/{rel}","templated":true}]}}