{"id":114,"date":"2020-03-26T14:34:56","date_gmt":"2020-03-26T12:34:56","guid":{"rendered":"http:\/\/acsixt.hypotheses.org\/?page_id=114"},"modified":"2020-03-26T14:34:56","modified_gmt":"2020-03-26T12:34:56","slug":"bibliotheque-des-archives","status":"publish","type":"page","link":"https:\/\/archives.sixt-sur-aff.fr\/?page_id=114","title":{"rendered":"Biblioth\u00e8que des archives"},"content":{"rendered":"\n<p style=\"text-align: justify\">Qu\u2019entendons-nous par biblioth\u00e8que administrative et historique ? Pour quelles raisons celle-ci serait diff\u00e9rente d\u2019une m\u00e9diath\u00e8que ou encore d\u2019une biblioth\u00e8que universitaire ? Quels ouvrages y sont conserv\u00e9s ? Voyons de quelle mani\u00e8re il nous est possible d\u2019y r\u00e9pondre. Pour cela, et afin de mieux appr\u00e9hender la naissance des biblioth\u00e8ques administratives et historiques, r\u00e9f\u00e9rons-nous \u00e0 l\u2019article de V\u00e9ronique Bernardet, \u00ab <a href=\"https:\/\/www.persee.fr\/doc\/gazar_0016-5522_2011_num_223_3_4845\" target=\"_blank\" rel=\"noopener noreferrer\">Essai pour une histoire des biblioth\u00e8ques d\u2019Archives d\u00e9partementales<\/a> \u00bb paru dans le num\u00e9ro 223 de <em>la Gazette des archives<\/em> en 2011, dans lequel l\u2019auteure s\u2019est int\u00e9ress\u00e9e aux raisons de leur cr\u00e9ation il y a plus de deux si\u00e8cles.<\/p>\n<p style=\"text-align: justify\"><a href=\"http:\/\/acsixt.hypotheses.org\/files\/2020\/05\/Biblioth\u00e8queadmhist01.jpg\"><img loading=\"lazy\" decoding=\"async\" class=\"wp-image-840  alignleft\" src=\"http:\/\/acsixt.hypotheses.org\/files\/2020\/05\/Biblioth\u00e8queadmhist01.jpg\" alt=\"\" width=\"143\" height=\"213\" \/><\/a>\u00ab\u00a0L\u2019histoire de la constitution des biblioth\u00e8ques d\u2019Archives d\u00e9bute \u00e0 l\u2019occasion du tri des archives, lors de la r\u00e9organisation administrative de la France, en juin 1794. Les fonds provenant des confiscations des biens du clerg\u00e9, du s\u00e9questre des biens des \u00e9migr\u00e9s et de la suppression des universit\u00e9s, soci\u00e9t\u00e9s litt\u00e9raires, acad\u00e9mies et corporations sont disloqu\u00e9s pour cr\u00e9er des collections de documents historiques, administratifs et judiciaires. Les documents administratifs et judiciaires sont orient\u00e9s vers les Archives tandis que les chartes et les manuscrits relatifs \u00e0 l\u2019histoire, aux sciences et aux arts, qui peuvent servir \u00e0 l\u2019instruction et \u00e0 la culture, sont d\u00e9pos\u00e9s dans les biblioth\u00e8ques des districts. [\u2026]\u00a0Contrairement aux biblioth\u00e8ques administratives mises en place de fa\u00e7on volontariste, les biblioth\u00e8ques historiques se d\u00e9ploient de fa\u00e7on informelle dans la derni\u00e8re partie du XIXe si\u00e8cle. Leur constitution r\u00e9pond \u00e0 des besoins diff\u00e9rents : biblioth\u00e8ques de travail avec l\u2019acquisition d\u2019ouvrages de r\u00e9f\u00e9rence n\u00e9cessaires aux travaux d\u2019inventaires des archivistes et, parall\u00e8lement, biblioth\u00e8ques d\u2019\u00e9tudes li\u00e9es au d\u00e9veloppement de la recherche historique dans les Archives d\u00e9partementales. Les biblioth\u00e8ques historiques sont reconnues dans le premier quart du XXe si\u00e8cle. Le r\u00e8glement g\u00e9n\u00e9ral des Archives d\u00e9partementales du 1erjuillet 1921, dans le chapitre intitul\u00e9 \u00ab Biblioth\u00e8que administrative et historique \u00bb (articles 98 et 99), indique que les mesures d\u2019ordres qui concernent les archives doivent \u00eatre appliqu\u00e9es \u00e0 la biblioth\u00e8que annex\u00e9e du d\u00e9p\u00f4t\u00a0\u00bb.<\/p>\n<p style=\"text-align: justify\"><a href=\"http:\/\/acsixt.hypotheses.org\/files\/2020\/05\/Biblioth\u00e8queadmhist03.jpg\"><img loading=\"lazy\" decoding=\"async\" class=\"wp-image-842 alignright\" src=\"http:\/\/acsixt.hypotheses.org\/files\/2020\/05\/Biblioth\u00e8queadmhist03.jpg\" alt=\"\" width=\"191\" height=\"201\" \/><\/a>La biblioth\u00e8que administrative et historique de Sixt-sur-Aff conserve une documentation imprim\u00e9e \u2013 ainsi que num\u00e9rique, \u00e0 laquelle a eu recours la collectivit\u00e9 territoriale dans le cadre de ses activit\u00e9s. De ce fait, la biblioth\u00e8que d&rsquo;archives regroupe aussi bien un ensemble de bulletin, fascicules, livrets, manuels, ouvrages, recueils ainsi que revues l\u00e9gislatives, juridiques et techniques, que des publications des minist\u00e8res ou d\u2019autres administrations tels que bulletins et rapports.<\/p>\n<p style=\"text-align: justify\">Dans cette quatri\u00e8me section, vous pourrez consulter le catalogue des <a href=\"http:\/\/acsixt.hypotheses.org\/bibliotheque-des-archives-ouvrages\">imprim\u00e9s<\/a> ainsi que des <a href=\"http:\/\/acsixt.hypotheses.org\/bibliotheque-des-archives-periodiques\">p\u00e9riodiques<\/a> conserv\u00e9s aux archives de la commune. Leur consultation se fait uniquement sur rendez-vous \u00e0 la Mairie.<\/p>\n<p style=\"text-align: center\">\u00a0<\/p>\n<p style=\"text-align: center\"><span style=\"font-size: 14px;color: #800000\"><strong><span class=\"tadv-color\"><a style=\"color: #800000\" href=\"https:\/\/acsixt.hypotheses.org\/mentions-legales\">Mentions l\u00e9gales<\/a> &#8211; <a style=\"color: #800000\" href=\"http:\/\/acsixt.hypotheses.org\/a-propos\">A propos de<\/a> &#8211; <a style=\"color: #800000\" href=\"https:\/\/acsixt.hypotheses.org\/credits\">Cr\u00e9dits<\/a> &#8211; <\/span><\/strong> <strong><a style=\"color: #800000\" href=\"http:\/\/acsixt.hypotheses.org\/informations-pratiques\">Infos pratiques<\/a> &#8211; <a style=\"color: #800000\" href=\"https:\/\/acsixt.hypotheses.org\/contact\">Contact<\/a><\/strong><\/span><\/p>\n","protected":false},"excerpt":{"rendered":"<p>Qu\u2019entendons-nous par biblioth\u00e8que administrative et historique ? Pour quelles raisons celle-ci serait diff\u00e9rente d\u2019une m\u00e9diath\u00e8que ou encore d\u2019une biblioth\u00e8que universitaire ? Quels ouvrages y sont conserv\u00e9s ? Voyons de quelle mani\u00e8re il nous est possible d\u2019y r\u00e9pondre. Pour cela, et afin de mieux appr\u00e9hender la naissance des biblioth\u00e8ques administratives et historiques, r\u00e9f\u00e9rons-nous \u00e0 l\u2019article de &hellip; <a href=\"https:\/\/archives.sixt-sur-aff.fr\/?page_id=114\" class=\"more-link\">Continuer la lecture de <span class=\"screen-reader-text\">Biblioth\u00e8que des archives<\/span>  <span class=\"meta-nav\">&rarr;<\/span><\/a><\/p>\n","protected":false},"author":1,"featured_media":0,"parent":0,"menu_order":0,"comment_status":"closed","ping_status":"closed","template":"page-templates\/full-width.php","meta":{"footnotes":""},"class_list":["post-114","page","type-page","status-publish","hentry"],"_links":{"self":[{"href":"https:\/\/archives.sixt-sur-aff.fr\/index.php?rest_route=\/wp\/v2\/pages\/114","targetHints":{"allow":["GET"]}}],"collection":[{"href":"https:\/\/archives.sixt-sur-aff.fr\/index.php?rest_route=\/wp\/v2\/pages"}],"about":[{"href":"https:\/\/archives.sixt-sur-aff.fr\/index.php?rest_route=\/wp\/v2\/types\/page"}],"author":[{"embeddable":true,"href":"https:\/\/archives.sixt-sur-aff.fr\/index.php?rest_route=\/wp\/v2\/users\/1"}],"replies":[{"embeddable":true,"href":"https:\/\/archives.sixt-sur-aff.fr\/index.php?rest_route=%2Fwp%2Fv2%2Fcomments&post=114"}],"version-history":[{"count":0,"href":"https:\/\/archives.sixt-sur-aff.fr\/index.php?rest_route=\/wp\/v2\/pages\/114\/revisions"}],"wp:attachment":[{"href":"https:\/\/archives.sixt-sur-aff.fr\/index.php?rest_route=%2Fwp%2Fv2%2Fmedia&parent=114"}],"curies":[{"name":"wp","href":"https:\/\/api.w.org\/{rel}","templated":true}]}}