{"id":118,"date":"2020-03-26T14:36:01","date_gmt":"2020-03-26T12:36:01","guid":{"rendered":"http:\/\/acsixt.hypotheses.org\/?page_id=118"},"modified":"2024-06-07T22:02:42","modified_gmt":"2024-06-07T20:02:42","slug":"vos-recherches","status":"publish","type":"page","link":"https:\/\/archives.sixt-sur-aff.fr\/?page_id=118","title":{"rendered":"Vos recherches"},"content":{"rendered":"<p>&nbsp;<\/p>\n\n\n<p><img loading=\"lazy\" decoding=\"async\" width=\"181\" height=\"134\" class=\"alignright wp-image-884 \" src=\"http:\/\/acsixt.hypotheses.org\/files\/2020\/05\/SSA_Livret_01-500x372.jpg\" alt=\"\">Cette septi\u00e8me et derni\u00e8re section est destin\u00e9e \u00e0 <a href=\"https:\/\/archives.sixt-sur-aff.fr\/?page_id=187\" data-type=\"page\" data-id=\"187\">pr\u00e9parer votre venue<\/a> \u00e0 la Mairie de Sixt-sur-Aff afin de vous aider dans la <a href=\"https:\/\/archives.sixt-sur-aff.fr\/?page_id=189\" data-type=\"page\" data-id=\"189\">consultation<\/a> des nombreux documents et de pi\u00e8ces d&rsquo;archives mis \u00e0 votre disposition. Vous y trouverez \u00e9galement fiches, fascicules et notices autour de diff\u00e9rents th\u00e8mes et actions que vous pourriez \u00eatre amen\u00e9 \u00e0 rencontrer lors de vos recherches et lorsque vous vous appr\u00eaterez \u00e0 <a href=\"https:\/\/archives.sixt-sur-aff.fr\/?page_id=191\" data-type=\"page\" data-id=\"191\">diffuser ou publier vos travaux<\/a>.<br><br><br><img loading=\"lazy\" decoding=\"async\" width=\"120\" height=\"160\" class=\"alignleft wp-image-883\" src=\"http:\/\/acsixt.hypotheses.org\/files\/2020\/05\/SSA_Localarchives_02-scaled.jpg\" alt=\"\">Si cette section est amen\u00e9e \u00e0 s&rsquo;enrichir, les diff\u00e9rents documents mis \u00e0 votre disposition sont non exhaustifs et peuvent ne pas r\u00e9pondre en totalit\u00e9 \u00e0 vos interrogations. Toutefois, si un aspect de la recherche non pr\u00e9sent sur le site des archives communales de Sixt-sur-Aff vous appara\u00eet comme un outil pouvant aider tout administr\u00e9, chercheur, enseignant, \u00e9tudiant ou g\u00e9n\u00e9alogiste, vous pouvez en faire la suggestion gr\u00e2ce au <a href=\"https:\/\/archives.sixt-sur-aff.fr\/?page_id=223\" data-type=\"page\" data-id=\"223\" target=\"_blank\" rel=\"noreferrer noopener\">formulaire en ligne<\/a> en cliquant sur le lien ci-contre.<br><p>\u00a0<\/p><br><p style=\"text-align: center\"><span style=\"color: #800000;font-size: 14px\"><strong><span class=\"tadv-color\"><a style=\"color: #800000\" href=\"https:\/\/acsixt.hypotheses.org\/mentions-legales\">Mentions l\u00e9gales<\/a> &#8211; <a style=\"color: #800000\" href=\"http:\/\/acsixt.hypotheses.org\/a-propos\">A propos de<\/a> &#8211; <a style=\"color: #800000\" href=\"https:\/\/acsixt.hypotheses.org\/credits\">Cr\u00e9dits<\/a> &#8211; <\/span><\/strong> <\/span><strong><span style=\"color: #800000;font-size: 14px\"><a style=\"color: #800000\" href=\"http:\/\/acsixt.hypotheses.org\/informations-pratiques\">Infos pratiques<\/a> &#8211; <\/span><a href=\"https:\/\/acsixt.hypotheses.org\/contact\"><span style=\"color: #800000;font-size: 14px\">Contact<\/span><\/a><\/strong><\/p><\/p>\n","protected":false},"excerpt":{"rendered":"<p>&nbsp; Cette septi\u00e8me et derni\u00e8re section est destin\u00e9e \u00e0 pr\u00e9parer votre venue \u00e0 la Mairie de Sixt-sur-Aff afin de vous aider dans la consultation des nombreux documents et de pi\u00e8ces d&rsquo;archives mis \u00e0 votre disposition. Vous y trouverez \u00e9galement fiches, fascicules et notices autour de diff\u00e9rents th\u00e8mes et actions que vous pourriez \u00eatre amen\u00e9 \u00e0 &hellip; <a href=\"https:\/\/archives.sixt-sur-aff.fr\/?page_id=118\" class=\"more-link\">Continuer la lecture de <span class=\"screen-reader-text\">Vos recherches<\/span>  <span class=\"meta-nav\">&rarr;<\/span><\/a><\/p>\n","protected":false},"author":1,"featured_media":0,"parent":0,"menu_order":0,"comment_status":"closed","ping_status":"closed","template":"page-templates\/full-width.php","meta":{"footnotes":""},"class_list":["post-118","page","type-page","status-publish","hentry"],"_links":{"self":[{"href":"https:\/\/archives.sixt-sur-aff.fr\/index.php?rest_route=\/wp\/v2\/pages\/118","targetHints":{"allow":["GET"]}}],"collection":[{"href":"https:\/\/archives.sixt-sur-aff.fr\/index.php?rest_route=\/wp\/v2\/pages"}],"about":[{"href":"https:\/\/archives.sixt-sur-aff.fr\/index.php?rest_route=\/wp\/v2\/types\/page"}],"author":[{"embeddable":true,"href":"https:\/\/archives.sixt-sur-aff.fr\/index.php?rest_route=\/wp\/v2\/users\/1"}],"replies":[{"embeddable":true,"href":"https:\/\/archives.sixt-sur-aff.fr\/index.php?rest_route=%2Fwp%2Fv2%2Fcomments&post=118"}],"version-history":[{"count":2,"href":"https:\/\/archives.sixt-sur-aff.fr\/index.php?rest_route=\/wp\/v2\/pages\/118\/revisions"}],"predecessor-version":[{"id":1645,"href":"https:\/\/archives.sixt-sur-aff.fr\/index.php?rest_route=\/wp\/v2\/pages\/118\/revisions\/1645"}],"wp:attachment":[{"href":"https:\/\/archives.sixt-sur-aff.fr\/index.php?rest_route=%2Fwp%2Fv2%2Fmedia&parent=118"}],"curies":[{"name":"wp","href":"https:\/\/api.w.org\/{rel}","templated":true}]}}