{"id":12,"date":"2020-03-20T23:08:42","date_gmt":"2020-03-20T21:08:42","guid":{"rendered":"http:\/\/acsixt.hypotheses.org\/?page_id=12"},"modified":"2024-06-07T21:02:55","modified_gmt":"2024-06-07T19:02:55","slug":"12-2","status":"publish","type":"page","link":"https:\/\/archives.sixt-sur-aff.fr\/","title":{"rendered":"ACTUALITES"},"content":{"rendered":"<p style=\"text-align: right;\"><a href=\"https:\/\/acsixt.hypotheses.org\/23\">=&gt; Acc\u00e9der \u00e0 l&rsquo;ensemble des actualit\u00e9s &lt;=<\/a><\/p>\n<p><span style=\"text-decoration: underline; color: #008000; font-size: 16px;\"><strong>Le Mot du Carnetier<\/strong><\/span><\/p>\n<p style=\"text-align: justify;\">Pour le Centenaire du nom de la commune, un Carnet num\u00e9rique d\u00e9di\u00e9 \u00e0 la valorisation des archives de la commune de Sixt-sur-Aff ainsi qu&rsquo;\u00e0 leur traitement est cr\u00e9\u00e9. Sous l&rsquo;autorit\u00e9 du Maire, Monsieur Ren\u00e9 RIAUD, les archives s&rsquo;ouvrent en 2020 au web et aux pratiques participatives.<\/p>\n<p style=\"text-align: justify;\">Dans la continuit\u00e9 du projet patrimonial intitul\u00e9 Sixt-sur-Aff, <em>Terres d\u2019archives et d\u2019histoire<\/em> (2017), ce Carnet a pour ambition de partager et de transmettre aupr\u00e8s de la population \u2013 qu\u2019elle soit locale ou non \u2013 l\u2019H(h)istoire d\u2019un territoire et de ses habitants depuis ces deux derniers si\u00e8cles.<\/p>\n<p style=\"text-align: justify;\">Voyagez \u00e0 travers notre histoire \u00e0 travers les pi\u00e8ces d\u2019archives num\u00e9ris\u00e9es, les livrets, les textes scientifiques et nos mini-jeux. Enfin, une section participative propose aux internautes de contribuer \u00e0 r\u00e9soudre certains myst\u00e8res d\u2019archives (retrouver un nom, reconna\u00eetre un lieu, dater un \u00e9v\u00e8nement qui ne sont pas identifiables dans les documents d\u2019archives).<\/p>\n<p>Nous vous souhaitons une tr\u00e8s belle exploration.<\/p>\n<p>&nbsp;<\/p>\n\n\n<p class=\"has-text-align-center has-text-align-center\"><span style=\"color: #800000;font-size: 10px\"><span style=\"font-size: 14px\"><strong><span class=\"tadv-color\"><a style=\"color: #800000\" href=\"https:\/\/acsixt.hypotheses.org\/mentions-legales\">Mentions l\u00e9gales<\/a> &#8211; <a style=\"color: #800000\" href=\"http:\/\/acsixt.hypotheses.org\/a-propos\">A propos de<\/a> &#8211; <a style=\"color: #800000\" href=\"https:\/\/acsixt.hypotheses.org\/credits\">Cr\u00e9dits<\/a> &#8211; <\/span><\/strong><\/span><span style=\"font-size: 12px\"> <strong><span style=\"font-size: 14px\"><a style=\"color: #800000\" href=\"http:\/\/acsixt.hypotheses.org\/informations-pratiques\">Infos pratiques<\/a><\/span><span style=\"color: #800000\"><span style=\"font-size: 14px\"> &#8211; <\/span><a style=\"color: #800000\" href=\"https:\/\/acsixt.hypotheses.org\/contact\"><span style=\"font-size: 14px\">Contact<\/span><\/a><\/span><\/strong><\/span><\/span><\/p>\n","protected":false},"excerpt":{"rendered":"<p>=&gt; Acc\u00e9der \u00e0 l&rsquo;ensemble des actualit\u00e9s &lt;= Le Mot du Carnetier Pour le Centenaire du nom de la commune, un Carnet num\u00e9rique d\u00e9di\u00e9 \u00e0 la valorisation des archives de la commune de Sixt-sur-Aff ainsi qu&rsquo;\u00e0 leur traitement est cr\u00e9\u00e9. Sous l&rsquo;autorit\u00e9 du Maire, Monsieur Ren\u00e9 RIAUD, les archives s&rsquo;ouvrent en 2020 au web et aux &hellip; <a href=\"https:\/\/archives.sixt-sur-aff.fr\/\" class=\"more-link\">Continuer la lecture de <span class=\"screen-reader-text\">ACTUALITES<\/span>  <span class=\"meta-nav\">&rarr;<\/span><\/a><\/p>\n","protected":false},"author":1,"featured_media":0,"parent":0,"menu_order":0,"comment_status":"closed","ping_status":"closed","template":"","meta":{"footnotes":""},"class_list":["post-12","page","type-page","status-publish","hentry"],"_links":{"self":[{"href":"https:\/\/archives.sixt-sur-aff.fr\/index.php?rest_route=\/wp\/v2\/pages\/12","targetHints":{"allow":["GET"]}}],"collection":[{"href":"https:\/\/archives.sixt-sur-aff.fr\/index.php?rest_route=\/wp\/v2\/pages"}],"about":[{"href":"https:\/\/archives.sixt-sur-aff.fr\/index.php?rest_route=\/wp\/v2\/types\/page"}],"author":[{"embeddable":true,"href":"https:\/\/archives.sixt-sur-aff.fr\/index.php?rest_route=\/wp\/v2\/users\/1"}],"replies":[{"embeddable":true,"href":"https:\/\/archives.sixt-sur-aff.fr\/index.php?rest_route=%2Fwp%2Fv2%2Fcomments&post=12"}],"version-history":[{"count":1,"href":"https:\/\/archives.sixt-sur-aff.fr\/index.php?rest_route=\/wp\/v2\/pages\/12\/revisions"}],"predecessor-version":[{"id":1615,"href":"https:\/\/archives.sixt-sur-aff.fr\/index.php?rest_route=\/wp\/v2\/pages\/12\/revisions\/1615"}],"wp:attachment":[{"href":"https:\/\/archives.sixt-sur-aff.fr\/index.php?rest_route=%2Fwp%2Fv2%2Fmedia&parent=12"}],"curies":[{"name":"wp","href":"https:\/\/api.w.org\/{rel}","templated":true}]}}