{"id":120,"date":"2020-03-26T14:36:32","date_gmt":"2020-03-26T12:36:32","guid":{"rendered":"http:\/\/acsixt.hypotheses.org\/?page_id=120"},"modified":"2020-03-26T14:36:32","modified_gmt":"2020-03-26T12:36:32","slug":"vos-archives","status":"publish","type":"page","link":"https:\/\/archives.sixt-sur-aff.fr\/?page_id=120","title":{"rendered":"Vos archives"},"content":{"rendered":"<p style=\"text-align: justify\">Qu&rsquo;ils s&rsquo;agisse d&rsquo;archives <a href=\"http:\/\/acsixt.hypotheses.org\/vos-archives-particulier\">familiale ou personnelle<\/a>, <span style=\"color: #008000\">d&rsquo;<\/span><a href=\"http:\/\/acsixt.hypotheses.org\/vos-archives-entreprise-locale\">entreprise<\/a>, <span style=\"color: #008000\">d&rsquo;<\/span><a href=\"http:\/\/acsixt.hypotheses.org\/vos-archives-association\">association<\/a>, ou <span style=\"color: #008000\">d&rsquo;<\/span><a href=\"http:\/\/acsixt.hypotheses.org\/vos-archives-travaux-scientifiques\">enseignent-chercheur<\/a> les archives priv\u00e9es participent \u00e0 la constitution ainsi qu&rsquo;\u00e0 enrichissement l\u2019histoire de la commune de Sixt-sur-Aff. C&rsquo;est pourquoi la Mairie de Sixt-sur-Aff collecte photographies, affiches, articles issus de la presse, journaux intimes, carnets, dessins, plans, cartes postales ou correspondance afin de sauvegarder, de valoriser et de transmettre l\u2019histoire de ses habitants aux g\u00e9n\u00e9rations actuelles et futures.<\/p>\n<p style=\"text-align: justify\">Associations, particuliers et professionnels sont invit\u00e9s \u00e0 d\u00e9poser \u00e0 la Mairie de Sixt-sur-Aff leurs documents qu\u2019ils souhaiteraient prot\u00e9ger, sauvegarder et partager avec l\u2019ensemble de la population. La pr\u00e9servation des archives priv\u00e9es s\u2019effectue soit par d\u00e9p\u00f4t, par don ou par pr\u00eat.<\/p>\n<p><img loading=\"lazy\" decoding=\"async\" class=\"alignleft wp-image-347\" src=\"http:\/\/acsixt.hypotheses.org\/files\/2020\/03\/image-plaquette.jpg\" alt=\"\" width=\"213\" height=\"188\" srcset=\"https:\/\/archives.sixt-sur-aff.fr\/wp-content\/uploads\/2020\/03\/image-plaquette.jpg 678w, https:\/\/archives.sixt-sur-aff.fr\/wp-content\/uploads\/2020\/03\/image-plaquette-300x265.jpg 300w\" sizes=\"auto, (max-width: 213px) 100vw, 213px\" \/><\/p>\n<p style=\"text-align: justify\">Les personnes qui souhaitent participer \u00e0 la sauvegarde du patrimoine \u00e9crit et \u00e0 la transmission de l\u2019histoire sixtine peuvent s\u2019adresser \u00e0 la Mairie de Sixt-sur-Aff au 02 99 70 01 88, par mail en envoyant un message \u00e0 mairie@sixt-sur-aff.fr ou par voie postale \u00e0 Mairie de Sixt-sur-Aff, 2 rue Onffroy de la Rosi\u00e8re, 35550 SIXT-SUR-AFF.<\/p>\n<p style=\"text-align: justify\">Si vous souhaitez plus d&rsquo;information concernant le don et le d\u00e9p\u00f4t d&rsquo;archives priv\u00e9es dans un service d&rsquo;archives public &#8211; et tout particuli\u00e8rement l&rsquo;int\u00e9r\u00eat de conserver dans un service public des archives priv\u00e9es, vous pouvez consulter les travaux universitaires men\u00e9s en 2014 par Ang\u00e9line VALLET (\u00e9tudiante en Licence professionnelle Traitement et gestion des archives et des biblioth\u00e8ques Sp\u00e9cialit\u00e9 Archives \u00e0 l&rsquo;universit\u00e9 d&rsquo;Angers) :<\/p>\n<p style=\"text-align: center\"><a href=\"http:\/\/dune.univ-angers.fr\/fichiers\/20133884\/2014LLPAB1828\/fichier\/1828F.pdf\" target=\"_blank\" rel=\"noopener noreferrer\">Confier ses archives. Le don et le d\u00e9p\u00f4t d\u2019archives priv\u00e9es<\/a><br \/>\n<a href=\"http:\/\/dune.univ-angers.fr\/fichiers\/20133884\/2014LLPAB1828\/fichier\/1828F.pdf\" target=\"_blank\" rel=\"noopener noreferrer\">dans un service public d\u2019archives<\/a><\/p>\n<p style=\"text-align: right\"><span style=\"font-size: 14px;color: #800000\"><strong><span class=\"tadv-color\"><a style=\"color: #800000\" href=\"https:\/\/acsixt.hypotheses.org\/les-archives\"><em>=&gt; Retour \u00e0 la section \u00ab\u00a0Les Archives\u00a0\u00bb<\/em><\/a><\/span><\/strong><\/span><\/p>\n<p style=\"text-align: center\"><span style=\"color: #800000;font-size: 14px\"><strong><span class=\"tadv-color\"><a style=\"color: #800000\" href=\"https:\/\/acsixt.hypotheses.org\/mentions-legales\">Mentions l\u00e9gales<\/a> &#8211; <a style=\"color: #800000\" href=\"http:\/\/acsixt.hypotheses.org\/a-propos\">A propos de<\/a> &#8211; <a style=\"color: #800000\" href=\"https:\/\/acsixt.hypotheses.org\/credits\">Cr\u00e9dits<\/a> &#8211; <\/span><\/strong> <\/span><strong><span style=\"color: #800000;font-size: 14px\"><a style=\"color: #800000\" href=\"http:\/\/acsixt.hypotheses.org\/informations-pratiques\">Infos pratiques<\/a> &#8211; <a style=\"color: #800000\" href=\"http:\/\/acsixt.hypotheses.org\/contact\">Contact<\/a><\/span><\/strong><\/p>\n","protected":false},"excerpt":{"rendered":"<p>Qu&rsquo;ils s&rsquo;agisse d&rsquo;archives familiale ou personnelle, d&rsquo;entreprise, d&rsquo;association, ou d&rsquo;enseignent-chercheur les archives priv\u00e9es participent \u00e0 la constitution ainsi qu&rsquo;\u00e0 enrichissement l\u2019histoire de la commune de Sixt-sur-Aff. C&rsquo;est pourquoi la Mairie de Sixt-sur-Aff collecte photographies, affiches, articles issus de la presse, journaux intimes, carnets, dessins, plans, cartes postales ou correspondance afin de sauvegarder, de valoriser et &hellip; <a href=\"https:\/\/archives.sixt-sur-aff.fr\/?page_id=120\" class=\"more-link\">Continuer la lecture de <span class=\"screen-reader-text\">Vos archives<\/span>  <span class=\"meta-nav\">&rarr;<\/span><\/a><\/p>\n","protected":false},"author":1,"featured_media":0,"parent":0,"menu_order":0,"comment_status":"closed","ping_status":"closed","template":"page-templates\/full-width.php","meta":{"footnotes":""},"class_list":["post-120","page","type-page","status-publish","hentry"],"_links":{"self":[{"href":"https:\/\/archives.sixt-sur-aff.fr\/index.php?rest_route=\/wp\/v2\/pages\/120","targetHints":{"allow":["GET"]}}],"collection":[{"href":"https:\/\/archives.sixt-sur-aff.fr\/index.php?rest_route=\/wp\/v2\/pages"}],"about":[{"href":"https:\/\/archives.sixt-sur-aff.fr\/index.php?rest_route=\/wp\/v2\/types\/page"}],"author":[{"embeddable":true,"href":"https:\/\/archives.sixt-sur-aff.fr\/index.php?rest_route=\/wp\/v2\/users\/1"}],"replies":[{"embeddable":true,"href":"https:\/\/archives.sixt-sur-aff.fr\/index.php?rest_route=%2Fwp%2Fv2%2Fcomments&post=120"}],"version-history":[{"count":0,"href":"https:\/\/archives.sixt-sur-aff.fr\/index.php?rest_route=\/wp\/v2\/pages\/120\/revisions"}],"wp:attachment":[{"href":"https:\/\/archives.sixt-sur-aff.fr\/index.php?rest_route=%2Fwp%2Fv2%2Fmedia&parent=120"}],"curies":[{"name":"wp","href":"https:\/\/api.w.org\/{rel}","templated":true}]}}