{"id":131,"date":"2020-03-26T14:44:57","date_gmt":"2020-03-26T12:44:57","guid":{"rendered":"http:\/\/acsixt.hypotheses.org\/?page_id=131"},"modified":"2020-03-26T14:44:57","modified_gmt":"2020-03-26T12:44:57","slug":"bibliotheque-des-archives-ouvrages","status":"publish","type":"page","link":"https:\/\/archives.sixt-sur-aff.fr\/?page_id=131","title":{"rendered":"Biblioth\u00e8que des archives &#8211; Ouvrages"},"content":{"rendered":"<p style=\"text-align: justify\">La biblioth\u00e8que administrative et historique conserve un ensemble de documents natifs num\u00e9riques, num\u00e9ris\u00e9s, imprim\u00e9s et non imprim\u00e9s (dactylogrammes, manuscrits, tapuscrits) librement communicables et pouvant \u00eatre consult\u00e9s sur rendez-vous \u00e0 la Mairie.<\/p>\n\n\n<figure class=\"wp-block-gallery columns-4 is-cropped wp-block-gallery-1 is-layout-flex wp-block-gallery-is-layout-flex\"><ul class=\"blocks-gallery-grid\"><li class=\"blocks-gallery-item\"><figure><a href=\"http:\/\/acsixt.hypotheses.org\/files\/2020\/05\/Biblioth\u00e8queadmhist09.jpg\"><img decoding=\"async\" src=\"http:\/\/acsixt.hypotheses.org\/files\/2020\/05\/Biblioth\u00e8queadmhist09-328x500.jpg\" alt=\"\" data-id=\"848\" data-full-url=\"http:\/\/acsixt.hypotheses.org\/files\/2020\/05\/Biblioth\u00e8queadmhist09.jpg\" data-link=\"http:\/\/acsixt.hypotheses.org\/bibliothequeadmhist09\" class=\"wp-image-848\" \/><\/a><\/figure><\/li><li class=\"blocks-gallery-item\"><figure><a href=\"http:\/\/acsixt.hypotheses.org\/files\/2020\/05\/Biblioth\u00e8queadmhist06-scaled.jpg\"><img decoding=\"async\" src=\"http:\/\/acsixt.hypotheses.org\/files\/2020\/05\/Biblioth\u00e8queadmhist06-332x500.jpg\" alt=\"\" data-id=\"845\" data-full-url=\"http:\/\/acsixt.hypotheses.org\/files\/2020\/05\/Biblioth\u00e8queadmhist06-scaled.jpg\" data-link=\"http:\/\/acsixt.hypotheses.org\/bibliothequeadmhist06\" class=\"wp-image-845\" \/><\/a><\/figure><\/li><li class=\"blocks-gallery-item\"><figure><a href=\"http:\/\/acsixt.hypotheses.org\/files\/2020\/05\/Biblioth\u00e8queadmhist05-scaled.jpg\"><img decoding=\"async\" src=\"http:\/\/acsixt.hypotheses.org\/files\/2020\/05\/Biblioth\u00e8queadmhist05-320x500.jpg\" alt=\"\" data-id=\"844\" data-full-url=\"http:\/\/acsixt.hypotheses.org\/files\/2020\/05\/Biblioth\u00e8queadmhist05-scaled.jpg\" data-link=\"http:\/\/acsixt.hypotheses.org\/bibliothequeadmhist05\" class=\"wp-image-844\" \/><\/a><\/figure><\/li><li class=\"blocks-gallery-item\"><figure><a href=\"http:\/\/acsixt.hypotheses.org\/files\/2020\/05\/Biblioth\u00e8quescolaire05-scaled.jpg\"><img decoding=\"async\" src=\"http:\/\/acsixt.hypotheses.org\/files\/2020\/05\/Biblioth\u00e8quescolaire05-500x351.jpg\" alt=\"\" data-id=\"854\" data-full-url=\"http:\/\/acsixt.hypotheses.org\/files\/2020\/05\/Biblioth\u00e8quescolaire05-scaled.jpg\" data-link=\"http:\/\/acsixt.hypotheses.org\/bibliothequescolaire05\" class=\"wp-image-854\" \/><\/a><\/figure><\/li><\/ul><\/figure>\n\n\n<p style=\"text-align: justify\">Certaines de ces publications \u2013 propres aux administrations, entreprises priv\u00e9es, \u00e9tablissements publiques et organismes associatifs conserv\u00e9es dans la biblioth\u00e8que des archives peuvent avoir \u00e9chapp\u00e9 aux r\u00e9seaux dits normalis\u00e9s de l\u2019\u00e9dition et de la diffusion tels que m\u00e9moires et th\u00e8ses universitaires, rapports, recueils ou encore manuels.<\/p>\n<p style=\"text-align: justify\">La biblioth\u00e8que des archives conserve \u00e9galement un ensemble d\u2019ouvrages scolaires historiques destin\u00e9s au corps enseignant et aux \u00e9l\u00e8ves.<\/p>\n\n\n<figure class=\"wp-block-gallery columns-8 is-cropped wp-block-gallery-2 is-layout-flex wp-block-gallery-is-layout-flex\"><ul class=\"blocks-gallery-grid\"><li class=\"blocks-gallery-item\"><figure><a href=\"http:\/\/acsixt.hypotheses.org\/files\/2020\/05\/Biblioth\u00e8quescolaire01.jpg\"><img decoding=\"async\" src=\"http:\/\/acsixt.hypotheses.org\/files\/2020\/05\/Biblioth\u00e8quescolaire01-500x358.jpg\" alt=\"\" data-id=\"850\" data-full-url=\"http:\/\/acsixt.hypotheses.org\/files\/2020\/05\/Biblioth\u00e8quescolaire01.jpg\" data-link=\"http:\/\/acsixt.hypotheses.org\/bibliothequescolaire01\" class=\"wp-image-850\" \/><\/a><\/figure><\/li><li class=\"blocks-gallery-item\"><figure><a href=\"http:\/\/acsixt.hypotheses.org\/files\/2020\/05\/Biblioth\u00e8quescolaire02.jpg\"><img decoding=\"async\" src=\"http:\/\/acsixt.hypotheses.org\/files\/2020\/05\/Biblioth\u00e8quescolaire02-500x309.jpg\" alt=\"\" data-id=\"851\" data-full-url=\"http:\/\/acsixt.hypotheses.org\/files\/2020\/05\/Biblioth\u00e8quescolaire02.jpg\" data-link=\"http:\/\/acsixt.hypotheses.org\/bibliothequescolaire02\" class=\"wp-image-851\" \/><\/a><\/figure><\/li><li class=\"blocks-gallery-item\"><figure><a href=\"http:\/\/acsixt.hypotheses.org\/files\/2020\/05\/Biblioth\u00e8quescolaire03-scaled.jpg\"><img decoding=\"async\" src=\"http:\/\/acsixt.hypotheses.org\/files\/2020\/05\/Biblioth\u00e8quescolaire03-387x500.jpg\" alt=\"\" data-id=\"852\" data-full-url=\"http:\/\/acsixt.hypotheses.org\/files\/2020\/05\/Biblioth\u00e8quescolaire03-scaled.jpg\" data-link=\"http:\/\/acsixt.hypotheses.org\/bibliothequescolaire03\" class=\"wp-image-852\" \/><\/a><\/figure><\/li><li class=\"blocks-gallery-item\"><figure><a href=\"http:\/\/acsixt.hypotheses.org\/files\/2020\/05\/Biblioth\u00e8quescolaire07-scaled.jpg\"><img decoding=\"async\" src=\"http:\/\/acsixt.hypotheses.org\/files\/2020\/05\/Biblioth\u00e8quescolaire07-400x500.jpg\" alt=\"\" data-id=\"856\" data-full-url=\"http:\/\/acsixt.hypotheses.org\/files\/2020\/05\/Biblioth\u00e8quescolaire07-scaled.jpg\" data-link=\"http:\/\/acsixt.hypotheses.org\/bibliothequescolaire07\" class=\"wp-image-856\" \/><\/a><\/figure><\/li><li class=\"blocks-gallery-item\"><figure><a href=\"http:\/\/acsixt.hypotheses.org\/files\/2020\/05\/Biblioth\u00e8quescolaire06-scaled.jpg\"><img decoding=\"async\" src=\"http:\/\/acsixt.hypotheses.org\/files\/2020\/05\/Biblioth\u00e8quescolaire06-406x500.jpg\" alt=\"\" data-id=\"855\" data-full-url=\"http:\/\/acsixt.hypotheses.org\/files\/2020\/05\/Biblioth\u00e8quescolaire06-scaled.jpg\" data-link=\"http:\/\/acsixt.hypotheses.org\/bibliothequescolaire06\" class=\"wp-image-855\" \/><\/a><\/figure><\/li><li class=\"blocks-gallery-item\"><figure><a href=\"http:\/\/acsixt.hypotheses.org\/files\/2020\/05\/Biblioth\u00e8queadmhist07-scaled.jpg\"><img decoding=\"async\" src=\"http:\/\/acsixt.hypotheses.org\/files\/2020\/05\/Biblioth\u00e8queadmhist07-324x500.jpg\" alt=\"\" data-id=\"846\" data-full-url=\"http:\/\/acsixt.hypotheses.org\/files\/2020\/05\/Biblioth\u00e8queadmhist07-scaled.jpg\" data-link=\"http:\/\/acsixt.hypotheses.org\/bibliothequeadmhist07\" class=\"wp-image-846\" \/><\/a><\/figure><\/li><li class=\"blocks-gallery-item\"><figure><a href=\"http:\/\/acsixt.hypotheses.org\/files\/2020\/05\/Biblioth\u00e8quescolaire09.jpg\"><img decoding=\"async\" src=\"http:\/\/acsixt.hypotheses.org\/files\/2020\/05\/Biblioth\u00e8quescolaire09-351x500.jpg\" alt=\"\" data-id=\"858\" data-full-url=\"http:\/\/acsixt.hypotheses.org\/files\/2020\/05\/Biblioth\u00e8quescolaire09.jpg\" data-link=\"http:\/\/acsixt.hypotheses.org\/bibliothequescolaire09\" class=\"wp-image-858\" \/><\/a><\/figure><\/li><li class=\"blocks-gallery-item\"><figure><a href=\"http:\/\/acsixt.hypotheses.org\/files\/2020\/05\/Biblioth\u00e8quescolaire08.jpg\"><img decoding=\"async\" src=\"http:\/\/acsixt.hypotheses.org\/files\/2020\/05\/Biblioth\u00e8quescolaire08-371x500.jpg\" alt=\"\" data-id=\"857\" data-full-url=\"http:\/\/acsixt.hypotheses.org\/files\/2020\/05\/Biblioth\u00e8quescolaire08.jpg\" data-link=\"http:\/\/acsixt.hypotheses.org\/bibliothequescolaire08\" class=\"wp-image-857\" \/><\/a><\/figure><\/li><\/ul><\/figure>\n\n\n<p><\/p>\n<p style=\"text-align: right\"><span style=\"font-size: 14px;color: #800000\"><strong><span class=\"tadv-color\"><a style=\"color: #800000\" href=\"http:\/\/acsixt.hypotheses.org\/bibliotheque-des-archives\"><em>=&gt; Retour \u00e0 la section \u00ab\u00a0Biblioth\u00e8que des archives\u00a0\u00bb<\/em><\/a><\/span><\/strong><\/span><\/p>\n<p style=\"text-align: center\"><span style=\"color: #800000;font-size: 14px\"><strong><span class=\"tadv-color\"><a style=\"color: #800000\" href=\"https:\/\/acsixt.hypotheses.org\/mentions-legales\">Mentions l\u00e9gales<\/a> &#8211; <a style=\"color: #800000\" href=\"http:\/\/acsixt.hypotheses.org\/a-propos\">A propos de<\/a> &#8211; <a style=\"color: #800000\" href=\"https:\/\/acsixt.hypotheses.org\/credits\">Cr\u00e9dits<\/a> &#8211; <\/span><\/strong> <\/span><strong><span style=\"color: #800000;font-size: 14px\"><a style=\"color: #800000\" href=\"http:\/\/acsixt.hypotheses.org\/informations-pratiques\">Infos pratiques<\/a> &#8211; <a style=\"color: #800000\" href=\"http:\/\/acsixt.hypotheses.org\/contact\">Contact<\/a><\/span><\/strong><\/p>","protected":false},"excerpt":{"rendered":"<p>La biblioth\u00e8que administrative et historique conserve un ensemble de documents natifs num\u00e9riques, num\u00e9ris\u00e9s, imprim\u00e9s et non imprim\u00e9s (dactylogrammes, manuscrits, tapuscrits) librement communicables et pouvant \u00eatre consult\u00e9s sur rendez-vous \u00e0 la Mairie. Certaines de ces publications \u2013 propres aux administrations, entreprises priv\u00e9es, \u00e9tablissements publiques et organismes associatifs conserv\u00e9es dans la biblioth\u00e8que des archives peuvent avoir \u00e9chapp\u00e9 &hellip; <a href=\"https:\/\/archives.sixt-sur-aff.fr\/?page_id=131\" class=\"more-link\">Continuer la lecture de <span class=\"screen-reader-text\">Biblioth\u00e8que des archives &#8211; Ouvrages<\/span>  <span class=\"meta-nav\">&rarr;<\/span><\/a><\/p>\n","protected":false},"author":1,"featured_media":0,"parent":0,"menu_order":0,"comment_status":"closed","ping_status":"closed","template":"page-templates\/full-width.php","meta":{"footnotes":""},"class_list":["post-131","page","type-page","status-publish","hentry"],"_links":{"self":[{"href":"https:\/\/archives.sixt-sur-aff.fr\/index.php?rest_route=\/wp\/v2\/pages\/131","targetHints":{"allow":["GET"]}}],"collection":[{"href":"https:\/\/archives.sixt-sur-aff.fr\/index.php?rest_route=\/wp\/v2\/pages"}],"about":[{"href":"https:\/\/archives.sixt-sur-aff.fr\/index.php?rest_route=\/wp\/v2\/types\/page"}],"author":[{"embeddable":true,"href":"https:\/\/archives.sixt-sur-aff.fr\/index.php?rest_route=\/wp\/v2\/users\/1"}],"replies":[{"embeddable":true,"href":"https:\/\/archives.sixt-sur-aff.fr\/index.php?rest_route=%2Fwp%2Fv2%2Fcomments&post=131"}],"version-history":[{"count":0,"href":"https:\/\/archives.sixt-sur-aff.fr\/index.php?rest_route=\/wp\/v2\/pages\/131\/revisions"}],"wp:attachment":[{"href":"https:\/\/archives.sixt-sur-aff.fr\/index.php?rest_route=%2Fwp%2Fv2%2Fmedia&parent=131"}],"curies":[{"name":"wp","href":"https:\/\/api.w.org\/{rel}","templated":true}]}}