{"id":133,"date":"2020-03-26T14:45:24","date_gmt":"2020-03-26T12:45:24","guid":{"rendered":"http:\/\/acsixt.hypotheses.org\/?page_id=133"},"modified":"2020-03-26T14:45:24","modified_gmt":"2020-03-26T12:45:24","slug":"bibliotheque-des-archives-periodiques","status":"publish","type":"page","link":"https:\/\/archives.sixt-sur-aff.fr\/?page_id=133","title":{"rendered":"Biblioth\u00e8que des archives &#8211; P\u00e9riodiques"},"content":{"rendered":"<p style=\"text-align: justify\">La biblioth\u00e8que des archives contient quelques collections de p\u00e9riodiques&nbsp;: bulletins associatifs, municipaux, paroissiaux, scolaires, ainsi que des revues techniques ou sp\u00e9cialis\u00e9e telles que <em>D\u00e9partements et communes<\/em>, <em>l\u2019\u00c9ducation<\/em>,<em> la Vie municipale<\/em>, etc.<\/p>\n<p><\/p>\n\n\n<div class=\"wp-block-group\"><div class=\"wp-block-group__inner-container is-layout-flow wp-block-group-is-layout-flow\">\n<figure class=\"wp-block-gallery columns-4 is-cropped wp-block-gallery-1 is-layout-flex wp-block-gallery-is-layout-flex\"><ul class=\"blocks-gallery-grid\"><li class=\"blocks-gallery-item\"><figure><a href=\"http:\/\/acsixt.hypotheses.org\/files\/2020\/05\/Biblioth\u00e8queadmhist08-scaled.jpg\"><img decoding=\"async\" src=\"http:\/\/acsixt.hypotheses.org\/files\/2020\/05\/Biblioth\u00e8queadmhist08-361x500.jpg\" alt=\"\" data-id=\"847\" data-full-url=\"http:\/\/acsixt.hypotheses.org\/files\/2020\/05\/Biblioth\u00e8queadmhist08-scaled.jpg\" data-link=\"http:\/\/acsixt.hypotheses.org\/bibliothequeadmhist08\" class=\"wp-image-847\" \/><\/a><\/figure><\/li><li class=\"blocks-gallery-item\"><figure><a href=\"http:\/\/acsixt.hypotheses.org\/files\/2020\/05\/Biblioth\u00e8queadmhist02.jpg\"><img decoding=\"async\" src=\"http:\/\/acsixt.hypotheses.org\/files\/2020\/05\/Biblioth\u00e8queadmhist02-430x500.jpg\" alt=\"\" data-id=\"841\" data-full-url=\"http:\/\/acsixt.hypotheses.org\/files\/2020\/05\/Biblioth\u00e8queadmhist02.jpg\" data-link=\"http:\/\/acsixt.hypotheses.org\/bibliothequeadmhist02\" class=\"wp-image-841\" \/><\/a><\/figure><\/li><li class=\"blocks-gallery-item\"><figure><a href=\"http:\/\/acsixt.hypotheses.org\/files\/2020\/05\/Biblioth\u00e8queadmhist03.jpg\"><img decoding=\"async\" src=\"http:\/\/acsixt.hypotheses.org\/files\/2020\/05\/Biblioth\u00e8queadmhist03-475x500.jpg\" alt=\"\" data-id=\"842\" data-full-url=\"http:\/\/acsixt.hypotheses.org\/files\/2020\/05\/Biblioth\u00e8queadmhist03.jpg\" data-link=\"http:\/\/acsixt.hypotheses.org\/bibliotheque-des-archives\/bibliothequeadmhist03\" class=\"wp-image-842\" \/><\/a><\/figure><\/li><li class=\"blocks-gallery-item\"><figure><a href=\"http:\/\/acsixt.hypotheses.org\/files\/2020\/05\/Biblioth\u00e8queadmhist04.jpg\"><img decoding=\"async\" src=\"http:\/\/acsixt.hypotheses.org\/files\/2020\/05\/Biblioth\u00e8queadmhist04-500x427.jpg\" alt=\"\" data-id=\"843\" data-full-url=\"http:\/\/acsixt.hypotheses.org\/files\/2020\/05\/Biblioth\u00e8queadmhist04.jpg\" data-link=\"http:\/\/acsixt.hypotheses.org\/bibliotheque-des-archives\/bibliothequeadmhist04\" class=\"wp-image-843\" \/><\/a><\/figure><\/li><\/ul><\/figure>\n<\/div><\/div>\n\n\n<p>\u00a0<\/p>\n<p style=\"text-align: justify\">Ces documents sont librement communicables et consultables sur rendez-vous \u00e0 la Mairie de Sixt-sur-Aff.<\/p>\n<p>\u00a0<\/p>\n<p style=\"text-align: right\"><span style=\"font-size: 14px;color: #800000\"><strong><span class=\"tadv-color\"><a style=\"color: #800000\" href=\"http:\/\/acsixt.hypotheses.org\/bibliotheque-des-archives\"><em>=&gt; Retour \u00e0 la section \u00ab\u00a0Biblioth\u00e8que des archives\u00a0\u00bb<\/em><\/a><\/span><\/strong><\/span><\/p>\n<p style=\"text-align: center\"><span style=\"color: #800000;font-size: 14px\"><strong><span class=\"tadv-color\"><a style=\"color: #800000\" href=\"https:\/\/acsixt.hypotheses.org\/mentions-legales\">Mentions l\u00e9gales<\/a> &#8211; <a style=\"color: #800000\" href=\"http:\/\/acsixt.hypotheses.org\/a-propos\">A propos de<\/a> &#8211; <a style=\"color: #800000\" href=\"https:\/\/acsixt.hypotheses.org\/credits\">Cr\u00e9dits<\/a> &#8211; <\/span><\/strong> <\/span><strong><span style=\"color: #800000;font-size: 14px\"><a style=\"color: #800000\" href=\"http:\/\/acsixt.hypotheses.org\/informations-pratiques\">Infos pratiques<\/a> &#8211; <a style=\"color: #800000\" href=\"http:\/\/acsixt.hypotheses.org\/contact\">Contact<\/a><\/span><\/strong><\/p>","protected":false},"excerpt":{"rendered":"<p>La biblioth\u00e8que des archives contient quelques collections de p\u00e9riodiques&nbsp;: bulletins associatifs, municipaux, paroissiaux, scolaires, ainsi que des revues techniques ou sp\u00e9cialis\u00e9e telles que D\u00e9partements et communes, l\u2019\u00c9ducation, la Vie municipale, etc. \u00a0 Ces documents sont librement communicables et consultables sur rendez-vous \u00e0 la Mairie de Sixt-sur-Aff. \u00a0 =&gt; Retour \u00e0 la section \u00ab\u00a0Biblioth\u00e8que des archives\u00a0\u00bb &hellip; <a href=\"https:\/\/archives.sixt-sur-aff.fr\/?page_id=133\" class=\"more-link\">Continuer la lecture de <span class=\"screen-reader-text\">Biblioth\u00e8que des archives &#8211; P\u00e9riodiques<\/span>  <span class=\"meta-nav\">&rarr;<\/span><\/a><\/p>\n","protected":false},"author":1,"featured_media":0,"parent":0,"menu_order":0,"comment_status":"closed","ping_status":"closed","template":"page-templates\/full-width.php","meta":{"footnotes":""},"class_list":["post-133","page","type-page","status-publish","hentry"],"_links":{"self":[{"href":"https:\/\/archives.sixt-sur-aff.fr\/index.php?rest_route=\/wp\/v2\/pages\/133","targetHints":{"allow":["GET"]}}],"collection":[{"href":"https:\/\/archives.sixt-sur-aff.fr\/index.php?rest_route=\/wp\/v2\/pages"}],"about":[{"href":"https:\/\/archives.sixt-sur-aff.fr\/index.php?rest_route=\/wp\/v2\/types\/page"}],"author":[{"embeddable":true,"href":"https:\/\/archives.sixt-sur-aff.fr\/index.php?rest_route=\/wp\/v2\/users\/1"}],"replies":[{"embeddable":true,"href":"https:\/\/archives.sixt-sur-aff.fr\/index.php?rest_route=%2Fwp%2Fv2%2Fcomments&post=133"}],"version-history":[{"count":0,"href":"https:\/\/archives.sixt-sur-aff.fr\/index.php?rest_route=\/wp\/v2\/pages\/133\/revisions"}],"wp:attachment":[{"href":"https:\/\/archives.sixt-sur-aff.fr\/index.php?rest_route=%2Fwp%2Fv2%2Fmedia&parent=133"}],"curies":[{"name":"wp","href":"https:\/\/api.w.org\/{rel}","templated":true}]}}