{"id":135,"date":"2020-03-26T14:47:50","date_gmt":"2020-03-26T12:47:50","guid":{"rendered":"http:\/\/acsixt.hypotheses.org\/?page_id=135"},"modified":"2020-03-26T14:47:50","modified_gmt":"2020-03-26T12:47:50","slug":"iconotheque","status":"publish","type":"page","link":"https:\/\/archives.sixt-sur-aff.fr\/?page_id=135","title":{"rendered":"Iconoth\u00e8que"},"content":{"rendered":"\n<h2 class=\"wp-block-heading\" id=\"Ancre00\"><\/h2>\n\n\n\n<p>Le fonds iconographique regroupe plusieurs sections th\u00e9matiques :<\/p>\n\n\n<p style=\"text-align: center\"><span style=\"color: #003300\">Affaires militaires<\/span><br \/><span style=\"color: #003300\">Agriculture<\/span><br \/><span style=\"color: #003300\">Assistance et pr\u00e9voyance<\/span><br \/><span style=\"color: #003300\">b\u00e2timents<\/span><br \/><a href=\"#Ancre05\"><span style=\"color: #003300\">\u00c9lections<\/span><\/a><br \/><a href=\"http:\/\/Ancre06\" data-wplink-url-error=\"true\"><span style=\"color: #003300\">F\u00eates et c\u00e9r\u00e9monies<\/span><\/a><br \/><span style=\"color: #003300\">Faits de guerre<\/span><br \/><a href=\"#Ancre08\"><span style=\"color: #003300\">Hygi\u00e8ne et sant\u00e9<\/span><\/a><br \/><span style=\"color: #003300\">Population<\/span><br \/><a href=\"#Ancre10\"><span style=\"color: #003300\">Scolarit\u00e9<\/span><\/a><br \/><span style=\"color: #003300\">Urbanisme<\/span><br \/><span style=\"color: #003300\"><a href=\"#Ancre12\">Voirie, r\u00e9seaux et \u00e9nergies<\/a>&#8230;<\/span><\/p>\n<p>\u00a0<\/p>\n\n\n<h3 class=\"has-green-color has-text-color has-text-align-left wp-block-heading\" id=\"Ancre05\">\u00c9lections<\/h3>\n\n\n\n<figure class=\"wp-block-gallery columns-1 is-cropped wp-block-gallery-1 is-layout-flex wp-block-gallery-is-layout-flex\"><ul class=\"blocks-gallery-grid\"><li class=\"blocks-gallery-item\"><figure><a href=\"https:\/\/acsixt.hypotheses.org\/files\/2020\/04\/SixtsurAff_Electionslegislatives_1951_Cote1K38.jpg\"><img decoding=\"async\" src=\"https:\/\/acsixt.hypotheses.org\/files\/2020\/04\/SixtsurAff_Electionslegislatives_1951_Cote1K38-374x500.jpg\" alt=\"\" data-id=\"499\" data-full-url=\"https:\/\/acsixt.hypotheses.org\/files\/2020\/04\/SixtsurAff_Electionslegislatives_1951_Cote1K38.jpg\" data-link=\"https:\/\/acsixt.hypotheses.org\/iconotheque\/sixtsuraff_electionslegislatives_1951_cote1k38\" class=\"wp-image-499\" \/><\/a><figcaption class=\"blocks-gallery-item__caption\">TEST<\/figcaption><\/figure><\/li><\/ul><\/figure>\n\n\n\n<p class=\"has-text-align-right\">Retour sommaire<\/p>\n\n\n\n<h3 class=\"has-green-color has-text-color has-text-align-left wp-block-heading\" id=\"Ancre06\">F\u00eates et c\u00e9r\u00e9monies<\/h3>\n\n\n\n<figure class=\"wp-block-gallery columns-1 is-cropped wp-block-gallery-2 is-layout-flex wp-block-gallery-is-layout-flex\"><ul class=\"blocks-gallery-grid\"><li class=\"blocks-gallery-item\"><figure><a href=\"https:\/\/acsixt.hypotheses.org\/files\/2020\/04\/SixtsurAff_Eaupotable_1938_1O35.jpg\"><img decoding=\"async\" src=\"https:\/\/acsixt.hypotheses.org\/files\/2020\/04\/SixtsurAff_Eaupotable_1938_1O35-335x500.jpg\" alt=\"\" data-id=\"504\" data-full-url=\"https:\/\/acsixt.hypotheses.org\/files\/2020\/04\/SixtsurAff_Eaupotable_1938_1O35.jpg\" data-link=\"https:\/\/acsixt.hypotheses.org\/iconotheque\/sixtsuraff_eaupotable_1938_1o35\" class=\"wp-image-504\" \/><\/a><\/figure><\/li><\/ul><\/figure>\n\n\n\n<h3 class=\"has-green-color has-text-color has-text-align-left wp-block-heading\" id=\"Ancre08\">Hygi\u00e8ne et sant\u00e9<\/h3>\n\n\n\n<figure class=\"wp-block-gallery columns-1 is-cropped wp-block-gallery-3 is-layout-flex wp-block-gallery-is-layout-flex\"><ul class=\"blocks-gallery-grid\"><li class=\"blocks-gallery-item\"><figure><a href=\"https:\/\/acsixt.hypotheses.org\/files\/2020\/04\/SixtsurAff_Vaccination_sd_Cote5J15.jpg\"><img decoding=\"async\" src=\"https:\/\/acsixt.hypotheses.org\/files\/2020\/04\/SixtsurAff_Vaccination_sd_Cote5J15-377x500.jpg\" alt=\"\" data-id=\"500\" data-full-url=\"https:\/\/acsixt.hypotheses.org\/files\/2020\/04\/SixtsurAff_Vaccination_sd_Cote5J15.jpg\" data-link=\"https:\/\/acsixt.hypotheses.org\/iconotheque\/sixtsuraff_vaccination_sd_cote5j15\" class=\"wp-image-500\" \/><\/a><\/figure><\/li><\/ul><\/figure>\n\n\n\n<h3 class=\"has-green-color has-text-color has-text-align-left wp-block-heading\" id=\"Ancre10\">Scolarit\u00e9<\/h3>\n\n\n\n<figure class=\"wp-block-gallery columns-2 is-cropped wp-block-gallery-4 is-layout-flex wp-block-gallery-is-layout-flex\"><ul class=\"blocks-gallery-grid\"><li class=\"blocks-gallery-item\"><figure><a href=\"https:\/\/acsixt.hypotheses.org\/files\/2020\/04\/SixtsurAff_Coloniedevacances_1951_Cote1R40-scaled.jpg\"><img decoding=\"async\" src=\"https:\/\/acsixt.hypotheses.org\/files\/2020\/04\/SixtsurAff_Coloniedevacances_1951_Cote1R40-387x500.jpg\" alt=\"\" data-id=\"501\" data-full-url=\"https:\/\/acsixt.hypotheses.org\/files\/2020\/04\/SixtsurAff_Coloniedevacances_1951_Cote1R40-scaled.jpg\" data-link=\"https:\/\/acsixt.hypotheses.org\/iconotheque\/sixtsuraff_coloniedevacances_1951_cote1r40\" class=\"wp-image-501\" \/><\/a><\/figure><\/li><li class=\"blocks-gallery-item\"><figure><a href=\"https:\/\/acsixt.hypotheses.org\/files\/2020\/04\/SixtsurAff_Journeesnationalesdufeu_1962_Cote1R28.jpg\"><img decoding=\"async\" src=\"https:\/\/acsixt.hypotheses.org\/files\/2020\/04\/SixtsurAff_Journeesnationalesdufeu_1962_Cote1R28-488x500.jpg\" alt=\"\" data-id=\"502\" data-full-url=\"https:\/\/acsixt.hypotheses.org\/files\/2020\/04\/SixtsurAff_Journeesnationalesdufeu_1962_Cote1R28.jpg\" data-link=\"https:\/\/acsixt.hypotheses.org\/iconotheque\/sixtsuraff_journeesnationalesdufeu_1962_cote1r28\" class=\"wp-image-502\" \/><\/a><\/figure><\/li><\/ul><\/figure>\n\n\n\n<h3 class=\"has-green-color has-text-color has-text-align-left wp-block-heading\" id=\"Ancre12\">Voirie, r\u00e9seaux et \u00e9nergies<\/h3>\n\n\n\n<figure class=\"wp-block-gallery columns-1 is-cropped wp-block-gallery-5 is-layout-flex wp-block-gallery-is-layout-flex\"><ul class=\"blocks-gallery-grid\"><li class=\"blocks-gallery-item\"><figure><a href=\"https:\/\/acsixt.hypotheses.org\/files\/2020\/04\/SixtsurAff_Voirie_Travaux_1923_Cote1O19.jpg\"><img decoding=\"async\" src=\"https:\/\/acsixt.hypotheses.org\/files\/2020\/04\/SixtsurAff_Voirie_Travaux_1923_Cote1O19-500x380.jpg\" alt=\"\" data-id=\"503\" data-full-url=\"https:\/\/acsixt.hypotheses.org\/files\/2020\/04\/SixtsurAff_Voirie_Travaux_1923_Cote1O19.jpg\" data-link=\"https:\/\/acsixt.hypotheses.org\/iconotheque\/sixtsuraff_voirie_travaux_1923_cote1o19\" class=\"wp-image-503\" \/><\/a><\/figure><\/li><\/ul><\/figure>\n\n\n\n<p><\/p>\n","protected":false},"excerpt":{"rendered":"<p>Le fonds iconographique regroupe plusieurs sections th\u00e9matiques : Affaires militairesAgricultureAssistance et pr\u00e9voyanceb\u00e2timents\u00c9lectionsF\u00eates et c\u00e9r\u00e9moniesFaits de guerreHygi\u00e8ne et sant\u00e9PopulationScolarit\u00e9UrbanismeVoirie, r\u00e9seaux et \u00e9nergies&#8230; \u00a0 \u00c9lections Retour sommaire F\u00eates et c\u00e9r\u00e9monies Hygi\u00e8ne et sant\u00e9 Scolarit\u00e9 Voirie, r\u00e9seaux et \u00e9nergies<\/p>\n","protected":false},"author":1,"featured_media":0,"parent":0,"menu_order":0,"comment_status":"closed","ping_status":"closed","template":"","meta":{"footnotes":""},"class_list":["post-135","page","type-page","status-publish","hentry"],"_links":{"self":[{"href":"https:\/\/archives.sixt-sur-aff.fr\/index.php?rest_route=\/wp\/v2\/pages\/135","targetHints":{"allow":["GET"]}}],"collection":[{"href":"https:\/\/archives.sixt-sur-aff.fr\/index.php?rest_route=\/wp\/v2\/pages"}],"about":[{"href":"https:\/\/archives.sixt-sur-aff.fr\/index.php?rest_route=\/wp\/v2\/types\/page"}],"author":[{"embeddable":true,"href":"https:\/\/archives.sixt-sur-aff.fr\/index.php?rest_route=\/wp\/v2\/users\/1"}],"replies":[{"embeddable":true,"href":"https:\/\/archives.sixt-sur-aff.fr\/index.php?rest_route=%2Fwp%2Fv2%2Fcomments&post=135"}],"version-history":[{"count":0,"href":"https:\/\/archives.sixt-sur-aff.fr\/index.php?rest_route=\/wp\/v2\/pages\/135\/revisions"}],"wp:attachment":[{"href":"https:\/\/archives.sixt-sur-aff.fr\/index.php?rest_route=%2Fwp%2Fv2%2Fmedia&parent=135"}],"curies":[{"name":"wp","href":"https:\/\/api.w.org\/{rel}","templated":true}]}}