{"id":139,"date":"2020-03-26T14:48:59","date_gmt":"2020-03-26T12:48:59","guid":{"rendered":"http:\/\/acsixt.hypotheses.org\/?page_id=139"},"modified":"2020-03-26T14:48:59","modified_gmt":"2020-03-26T12:48:59","slug":"inventaires-archives-privees","status":"publish","type":"page","link":"https:\/\/archives.sixt-sur-aff.fr\/?page_id=139","title":{"rendered":"Inventaires &#8211; Archives priv\u00e9es"},"content":{"rendered":"\n<p>Le 09 juin 2021, pour la Journ\u00e9e Internationale des Archives,<\/p>\n<ul>\n<li>Mise en ligne des instruments de recherche dont le fonds Yannick Texier ;<\/li>\n<li>Num\u00e9risation d&rsquo;articles consultables sur le Carnet num\u00e9rique.<\/li>\n<\/ul>\n<p>&nbsp;<\/p>\n<p style=\"text-align: right\"><span style=\"font-size: 14px;color: #800000\"><strong><span class=\"tadv-color\"><a style=\"color: #800000\" href=\"http:\/\/acsixt.hypotheses.org\/inventaires\"><em>=&gt; Retour \u00e0 la section \u00ab\u00a0Inventaires\u00a0\u00bb<\/em><\/a><\/span><\/strong><\/span><\/p>\n<p style=\"text-align: center\"><span style=\"color: #800000;font-size: 14px\"><strong><span class=\"tadv-color\"><a style=\"color: #800000\" href=\"https:\/\/acsixt.hypotheses.org\/mentions-legales\">Mentions l\u00e9gales<\/a> &#8211; <a style=\"color: #800000\" href=\"http:\/\/acsixt.hypotheses.org\/a-propos\">A propos de<\/a> &#8211; <a style=\"color: #800000\" href=\"https:\/\/acsixt.hypotheses.org\/credits\">Cr\u00e9dits<\/a> &#8211; <\/span><\/strong> <\/span><strong><span style=\"color: #800000;font-size: 14px\"><a style=\"color: #800000\" href=\"http:\/\/acsixt.hypotheses.org\/informations-pratiques\">Infos pratiques<\/a> &#8211; <a style=\"color: #800000\" href=\"http:\/\/acsixt.hypotheses.org\/contact\">Contact<\/a><\/span><\/strong><\/p>\n<p>&nbsp;<\/p>\n","protected":false},"excerpt":{"rendered":"<p>Le 09 juin 2021, pour la Journ\u00e9e Internationale des Archives, Mise en ligne des instruments de recherche dont le fonds Yannick Texier ; Num\u00e9risation d&rsquo;articles consultables sur le Carnet num\u00e9rique. &nbsp; =&gt; Retour \u00e0 la section \u00ab\u00a0Inventaires\u00a0\u00bb Mentions l\u00e9gales &#8211; A propos de &#8211; Cr\u00e9dits &#8211; Infos pratiques &#8211; Contact &nbsp;<\/p>\n","protected":false},"author":1,"featured_media":0,"parent":0,"menu_order":0,"comment_status":"closed","ping_status":"closed","template":"page-templates\/full-width.php","meta":{"footnotes":""},"class_list":["post-139","page","type-page","status-publish","hentry"],"_links":{"self":[{"href":"https:\/\/archives.sixt-sur-aff.fr\/index.php?rest_route=\/wp\/v2\/pages\/139","targetHints":{"allow":["GET"]}}],"collection":[{"href":"https:\/\/archives.sixt-sur-aff.fr\/index.php?rest_route=\/wp\/v2\/pages"}],"about":[{"href":"https:\/\/archives.sixt-sur-aff.fr\/index.php?rest_route=\/wp\/v2\/types\/page"}],"author":[{"embeddable":true,"href":"https:\/\/archives.sixt-sur-aff.fr\/index.php?rest_route=\/wp\/v2\/users\/1"}],"replies":[{"embeddable":true,"href":"https:\/\/archives.sixt-sur-aff.fr\/index.php?rest_route=%2Fwp%2Fv2%2Fcomments&post=139"}],"version-history":[{"count":0,"href":"https:\/\/archives.sixt-sur-aff.fr\/index.php?rest_route=\/wp\/v2\/pages\/139\/revisions"}],"wp:attachment":[{"href":"https:\/\/archives.sixt-sur-aff.fr\/index.php?rest_route=%2Fwp%2Fv2%2Fmedia&parent=139"}],"curies":[{"name":"wp","href":"https:\/\/api.w.org\/{rel}","templated":true}]}}