{"id":173,"date":"2020-03-26T21:39:54","date_gmt":"2020-03-26T19:39:54","guid":{"rendered":"http:\/\/acsixt.hypotheses.org\/?page_id=173"},"modified":"2020-03-26T21:39:54","modified_gmt":"2020-03-26T19:39:54","slug":"actions-culturelles-jeux-darchives","status":"publish","type":"page","link":"https:\/\/archives.sixt-sur-aff.fr\/?page_id=173","title":{"rendered":"Actions culturelles &#8211; Jeux d&rsquo;archives"},"content":{"rendered":"\n<p>&nbsp;<\/p>\n<p style=\"text-align: justify\">Partez \u00e0 la d\u00e9couverte du patrimoine \u00e9crit de la commune de Sixt-sur-Aff \u00e0 travers diff\u00e9rents mini-jeux : associations, bonne combinaison, je suis&#8230;, jeu des diff\u00e9rences, objet perdu, question de chiffre, relever le d\u00e9fi&#8230; Et pourquoi ne pas enqu\u00eater sur certains myst\u00e8res qui ont eu lieu \u00e0 Sixt ?<\/p>\n<p style=\"text-align: center\"><span style=\"color: #ff6600\"><strong>Derni\u00e8re mise \u00e0 jour : le 12 avril 2020<\/strong><\/span><\/p>\n\n<p style=\"text-align: right\"><span style=\"font-size: 16px;color: #003300\"><em><strong>PUZZLE<\/strong><\/em><a href=\"https:\/\/acsixt.hypotheses.org\/puzzle\"><img loading=\"lazy\" decoding=\"async\" class=\"alignright wp-image-548\" src=\"http:\/\/acsixt.hypotheses.org\/files\/2020\/04\/puzzle-scaled.jpg\" alt=\"\" width=\"148\" height=\"97\" \/><\/a><\/span><br \/><em><span style=\"font-size: 12px\">Les habitants et la mairie ont besoin de vous. <\/span><\/em><em><span style=\"font-size: 12px\">Aidez-les en <\/span><\/em><em><span style=\"font-size: 12px\">reconstituant l&rsquo;image !<br \/><span style=\"color: #993300\">=&gt; Cliquez sur l&rsquo;image<br \/><\/span><\/span><\/em><\/p>\n<p>&nbsp;<\/p>\n<p style=\"text-align: right\"><span style=\"font-size: 16px;color: #003300\"><em><strong>JEU DES DIFF\u00c9RENCES<\/strong><\/em><a href=\"http:\/\/acsixt.hypotheses.org\/le-jeu-des-differences\"><img loading=\"lazy\" decoding=\"async\" class=\"alignright wp-image-549\" src=\"http:\/\/acsixt.hypotheses.org\/files\/2020\/04\/difference.jpg\" alt=\"\" width=\"148\" height=\"75\" srcset=\"https:\/\/archives.sixt-sur-aff.fr\/wp-content\/uploads\/2020\/04\/difference.jpg 492w, https:\/\/archives.sixt-sur-aff.fr\/wp-content\/uploads\/2020\/04\/difference-300x151.jpg 300w\" sizes=\"auto, (max-width: 148px) 100vw, 148px\" \/><\/a><\/span><br \/><em><span style=\"font-size: 12px\">Les habitants et la mairie ont une nouvelle fois besoin de vous. <\/span><\/em><em><span style=\"font-size: 12px\">Aidez-les en <\/span><\/em><em><span style=\"font-size: 12px\">retrouvant les erreurs cach\u00e9es dans l&rsquo;image !<br \/><span style=\"color: #993300\">=&gt; Cliquez sur l&rsquo;image<br \/><\/span><\/span><\/em><\/p>\n<p>&nbsp;<\/p>\n<p style=\"text-align: right\"><span style=\"font-size: 16px;color: #003300\"><em><strong>JE SUIS&#8230;<\/strong><\/em><a href=\"http:\/\/acsixt.hypotheses.org\/le-jeu-je-suis\"><img loading=\"lazy\" decoding=\"async\" class=\"alignright wp-image-550\" src=\"http:\/\/acsixt.hypotheses.org\/files\/2020\/04\/Quiestce.jpg\" alt=\"\" width=\"149\" height=\"76\" srcset=\"https:\/\/archives.sixt-sur-aff.fr\/wp-content\/uploads\/2020\/04\/Quiestce.jpg 406w, https:\/\/archives.sixt-sur-aff.fr\/wp-content\/uploads\/2020\/04\/Quiestce-300x154.jpg 300w\" sizes=\"auto, (max-width: 149px) 100vw, 149px\" \/><\/a><\/span><br \/><em><span style=\"font-size: 12px\">Un morceau de plan d\u00e9chir\u00e9, une lettre effac\u00e9e&#8230; Parviendrez-vous \u00e0 r\u00e9pondre \u00e0 la question ?<\/span><\/em><em><span style=\"font-size: 12px\"><br \/><span style=\"color: #993300\">=&gt; Cliquez sur l&rsquo;image<br \/><\/span><\/span><\/em><\/p>\n<p>&nbsp;<\/p>\n<p style=\"text-align: right\"><span style=\"font-size: 16px;color: #003300\"><em><strong>ASSOCIATIONS<\/strong><\/em><a href=\"http:\/\/acsixt.hypotheses.org\/jeu-des-associations\"><img loading=\"lazy\" decoding=\"async\" class=\"alignright wp-image-552\" src=\"http:\/\/acsixt.hypotheses.org\/files\/2020\/04\/Association.jpg\" alt=\"\" width=\"146\" height=\"76\" srcset=\"https:\/\/archives.sixt-sur-aff.fr\/wp-content\/uploads\/2020\/04\/Association.jpg 807w, https:\/\/archives.sixt-sur-aff.fr\/wp-content\/uploads\/2020\/04\/Association-300x157.jpg 300w, https:\/\/archives.sixt-sur-aff.fr\/wp-content\/uploads\/2020\/04\/Association-768x401.jpg 768w\" sizes=\"auto, (max-width: 146px) 100vw, 146px\" \/><\/a><\/span><br \/><em><span style=\"font-size: 12px\">Parviendrez-vous aider la mairie en associant les bonnes \u00e9tiquettes aux bonnes images ?<\/span><\/em><em><span style=\"font-size: 12px\"><br \/><span style=\"color: #993300\">=&gt; Cliquez sur l&rsquo;image<br \/><\/span><\/span><\/em><\/p>\n<p>&nbsp;<\/p>\n<p style=\"text-align: right\"><span style=\"font-size: 16px;color: #003300\"><em><strong>BONNE COMBINAISON<\/strong><\/em><img loading=\"lazy\" decoding=\"async\" class=\"wp-image-556  alignright\" src=\"http:\/\/acsixt.hypotheses.org\/files\/2020\/04\/Combinaison.jpg\" alt=\"\" width=\"143\" height=\"66\" srcset=\"https:\/\/archives.sixt-sur-aff.fr\/wp-content\/uploads\/2020\/04\/Combinaison.jpg 417w, https:\/\/archives.sixt-sur-aff.fr\/wp-content\/uploads\/2020\/04\/Combinaison-300x138.jpg 300w\" sizes=\"auto, (max-width: 143px) 100vw, 143px\" \/><\/span><br \/><em><span style=\"font-size: 12px\">Des archives de la mairie se retrouvent m\u00e9langer au sol. Saurez-vous reconstituer le dossier ?<\/span><\/em><em><span style=\"font-size: 12px\"><br \/><span style=\"color: #993300\">=&gt; disponible f\u00e9vrier 2021<\/span><\/span><\/em><\/p>\n<p>&nbsp;<\/p>\n<p style=\"text-align: right\"><span style=\"font-size: 16px;color: #003300\"><em><strong>OBJET PERDU<\/strong><\/em><img loading=\"lazy\" decoding=\"async\" class=\"wp-image-557  alignright\" src=\"http:\/\/acsixt.hypotheses.org\/files\/2020\/04\/ousuisje.jpg\" alt=\"\" width=\"140\" height=\"92\" srcset=\"https:\/\/archives.sixt-sur-aff.fr\/wp-content\/uploads\/2020\/04\/ousuisje.jpg 669w, https:\/\/archives.sixt-sur-aff.fr\/wp-content\/uploads\/2020\/04\/ousuisje-300x199.jpg 300w\" sizes=\"auto, (max-width: 140px) 100vw, 140px\" \/><\/span><br \/><em><span style=\"font-size: 12px\">Aidez les habitants et la mairie en retrouvant ce qu&rsquo;ils ont perdu.<\/span><\/em><em><span style=\"font-size: 12px\"><br \/><span style=\"color: #993300\">=&gt; disponible f\u00e9vrier 2021<\/span><\/span><\/em><\/p>\n<p>&nbsp;<\/p>\n<p style=\"text-align: right\"><span style=\"font-size: 16px;color: #003300\"><em><strong>QUESTION DE CHIFFRE<\/strong><\/em><img loading=\"lazy\" decoding=\"async\" class=\"wp-image-558  alignright\" src=\"http:\/\/acsixt.hypotheses.org\/files\/2020\/04\/lebonchiffre.jpg\" alt=\"\" width=\"137\" height=\"82\" \/><\/span><br \/><em><span style=\"font-size: 12px\">Une r\u00e9ponse en chiffre pour plusieurs questions. A vous de jouer !<\/span><\/em><em><span style=\"font-size: 12px\"><br \/><span style=\"color: #993300\">=&gt; disponible f\u00e9vrier 2021<\/span><\/span><\/em><\/p>\n<p>&nbsp;<\/p>\n<p style=\"text-align: right\"><span style=\"font-size: 16px;color: #003300\"><em><strong>RELEVER LE D\u00c9FI<\/strong><\/em><img loading=\"lazy\" decoding=\"async\" class=\"wp-image-561  alignright\" src=\"http:\/\/acsixt.hypotheses.org\/files\/2020\/04\/quizz.jpg\" alt=\"\" width=\"136\" height=\"59\" srcset=\"https:\/\/archives.sixt-sur-aff.fr\/wp-content\/uploads\/2020\/04\/quizz.jpg 685w, https:\/\/archives.sixt-sur-aff.fr\/wp-content\/uploads\/2020\/04\/quizz-300x131.jpg 300w\" sizes=\"auto, (max-width: 136px) 100vw, 136px\" \/><\/span><br \/><em><span style=\"font-size: 12px\">Tentez de r\u00e9pondre au d\u00e9fi de Sixt. Mais avant cela un petit entrainement s&rsquo;impose <\/span><\/em><em><span style=\"font-size: 12px\"><br \/><span style=\"color: #993300\">=&gt; disponible en juillet 2021<\/span><\/span><\/em><\/p>\n<p>&nbsp;<\/p>\n<p style=\"text-align: left\"><span style=\"font-size: 16px;color: #003300\"><em><strong>LE BUREAU DES MYST\u00c8RES<\/strong><\/em><img loading=\"lazy\" decoding=\"async\" class=\"wp-image-563  alignleft\" src=\"http:\/\/acsixt.hypotheses.org\/files\/2020\/04\/BDM.jpg\" alt=\"\" width=\"242\" height=\"75\" srcset=\"https:\/\/archives.sixt-sur-aff.fr\/wp-content\/uploads\/2020\/04\/BDM.jpg 650w, https:\/\/archives.sixt-sur-aff.fr\/wp-content\/uploads\/2020\/04\/BDM-300x92.jpg 300w\" sizes=\"auto, (max-width: 242px) 100vw, 242px\" \/><\/span><br \/><em><span style=\"font-size: 12px\">Nous recherchons un nouvel enqu\u00eateur. Est-vous la personne qu&rsquo;il nous faut ? <\/span><\/em><em><span style=\"font-size: 12px\"><br \/><span style=\"color: #993300\">=&gt; sortie No\u00ebl 2021<\/span><\/span><\/em><\/p>\n<p>&nbsp;<\/p>\n<p style=\"text-align: right\"><span style=\"font-size: 14px;color: #800000\"><strong><span class=\"tadv-color\"><a style=\"color: #800000\" href=\"http:\/\/acsixt.hypotheses.org\/actions-culturelles\"><em>=&gt; Retour \u00e0 la section \u00ab\u00a0Actions culturelles\u00a0\u00bb<\/em><\/a><\/span><\/strong><\/span><\/p>\n<p style=\"text-align: center\"><span style=\"color: #800000;font-size: 14px\"><strong><span class=\"tadv-color\"><a style=\"color: #800000\" href=\"https:\/\/acsixt.hypotheses.org\/mentions-legales\">Mentions l\u00e9gales<\/a> &#8211; <a style=\"color: #800000\" href=\"http:\/\/acsixt.hypotheses.org\/a-propos\">A propos de<\/a> &#8211; <a style=\"color: #800000\" href=\"https:\/\/acsixt.hypotheses.org\/credits\">Cr\u00e9dits<\/a> &#8211; <\/span><\/strong> <\/span><strong><span style=\"color: #800000;font-size: 14px\"><a style=\"color: #800000\" href=\"http:\/\/acsixt.hypotheses.org\/informations-pratiques\">Infos pratiques<\/a> &#8211; <a style=\"color: #800000\" href=\"http:\/\/acsixt.hypotheses.org\/contact\">Contact<\/a><\/span><\/strong><\/p>","protected":false},"excerpt":{"rendered":"<p>&nbsp; Partez \u00e0 la d\u00e9couverte du patrimoine \u00e9crit de la commune de Sixt-sur-Aff \u00e0 travers diff\u00e9rents mini-jeux : associations, bonne combinaison, je suis&#8230;, jeu des diff\u00e9rences, objet perdu, question de chiffre, relever le d\u00e9fi&#8230; Et pourquoi ne pas enqu\u00eater sur certains myst\u00e8res qui ont eu lieu \u00e0 Sixt ? Derni\u00e8re mise \u00e0 jour : le &hellip; <a href=\"https:\/\/archives.sixt-sur-aff.fr\/?page_id=173\" class=\"more-link\">Continuer la lecture de <span class=\"screen-reader-text\">Actions culturelles &#8211; Jeux d&rsquo;archives<\/span>  <span class=\"meta-nav\">&rarr;<\/span><\/a><\/p>\n","protected":false},"author":1,"featured_media":0,"parent":0,"menu_order":0,"comment_status":"closed","ping_status":"closed","template":"page-templates\/full-width.php","meta":{"footnotes":""},"class_list":["post-173","page","type-page","status-publish","hentry"],"_links":{"self":[{"href":"https:\/\/archives.sixt-sur-aff.fr\/index.php?rest_route=\/wp\/v2\/pages\/173","targetHints":{"allow":["GET"]}}],"collection":[{"href":"https:\/\/archives.sixt-sur-aff.fr\/index.php?rest_route=\/wp\/v2\/pages"}],"about":[{"href":"https:\/\/archives.sixt-sur-aff.fr\/index.php?rest_route=\/wp\/v2\/types\/page"}],"author":[{"embeddable":true,"href":"https:\/\/archives.sixt-sur-aff.fr\/index.php?rest_route=\/wp\/v2\/users\/1"}],"replies":[{"embeddable":true,"href":"https:\/\/archives.sixt-sur-aff.fr\/index.php?rest_route=%2Fwp%2Fv2%2Fcomments&post=173"}],"version-history":[{"count":0,"href":"https:\/\/archives.sixt-sur-aff.fr\/index.php?rest_route=\/wp\/v2\/pages\/173\/revisions"}],"wp:attachment":[{"href":"https:\/\/archives.sixt-sur-aff.fr\/index.php?rest_route=%2Fwp%2Fv2%2Fmedia&parent=173"}],"curies":[{"name":"wp","href":"https:\/\/api.w.org\/{rel}","templated":true}]}}