{"id":178,"date":"2020-03-26T21:43:59","date_gmt":"2020-03-26T19:43:59","guid":{"rendered":"http:\/\/acsixt.hypotheses.org\/?page_id=178"},"modified":"2020-03-26T21:43:59","modified_gmt":"2020-03-26T19:43:59","slug":"discipline-science-traitement-des-archives","status":"publish","type":"page","link":"https:\/\/archives.sixt-sur-aff.fr\/?page_id=178","title":{"rendered":"Discipline et science &#8211; Traitement des archives"},"content":{"rendered":"\n<p>&nbsp;<\/p>\n<p style=\"text-align: right\"><span style=\"font-size: 20px;color: #339966\">Pr\u00e9ambule<\/span><\/p>\n<p style=\"text-align: justify\"><span style=\"font-size: 14px\"><strong>Qu&rsquo;est-ce que \u00ab\u00a0archiver\u00a0\u00bb ?<\/strong> Pour les uns, il s&rsquo;agit de ranger dans de nouvelles bo\u00eetes un certain nombre de documents ; pour les autres, il est question de rassembler des documents ayant le m\u00eame objet. En fait, ces deux \u00e9l\u00e9ments de r\u00e9ponses sont \u00e0 la fois exacts et incomplets.<br \/><\/span><\/p>\n<p style=\"text-align: justify\"><span style=\"font-size: 14px\">Archiver&#8230; un dossier&#8230; consiste \u00e0 le d\u00e9poser dans un local archives en attente de son traitement : <strong>le classement<\/strong>. <\/span><span style=\"font-size: 14px\">Il serait plus juste de parler de classement dont l'\u00a0\u00bbop\u00e9ration consist[e] \u00e0 la mise en ordre intellectuelle et physique des documents d&rsquo;archives \u00e0 l&rsquo;int\u00e9rieur des dossiers, et des dossiers \u00e0 l&rsquo;int\u00e9rieur d&rsquo;un fonds, r\u00e9alis\u00e9e en application du principe de respect des fonds\u00a0\u00bb (extrait de l&rsquo;ouvrage <em>Abr\u00e9g\u00e9 d&rsquo;archivistique<\/em>, 2007, p.299).<\/span><\/p>\n<p style=\"text-align: justify\"><span style=\"font-size: 14px\">\u00catre en charge des archives signifie Collecter, Classer, Conserver et Communiquer les documents et pi\u00e8ces d&rsquo;archives qui ont \u00e9t\u00e9 vers\u00e9s \u00e0 la personne en charge des archives. C&rsquo;est aussi sp\u00e9culer et d\u00e9duire, en dehors des n\u00e9cessit\u00e9 administratives, quels documents seront consult\u00e9s par les futurs g\u00e9n\u00e9alogistes, habitants, \u00e9tudiants, chercheurs, bureaux d&rsquo;\u00e9tudes en qu\u00eate de leur pass\u00e9 ou acteur d&rsquo;un avenir commun.<\/span><\/p>\n<p style=\"text-align: justify\"><span style=\"font-size: 14px\">En r\u00e9sum\u00e9, la personne en charge des archives devra \u00eatre en mesure de traiter le fonds qui lui a \u00e9t\u00e9 confi\u00e9 afin que toute personne, quelle qu&rsquo;elle soit, puisse retrouver tout article cot\u00e9 en quelques minutes. Pour y parvenir, la ou le r\u00e9f\u00e9rent(e) archives poss\u00e8de une bo\u00eete \u00e0 outils contenant arr\u00eat\u00e9, circulaire, d\u00e9cret, instruction, rapport, notice ainsi que tableau de gestion<\/span><span style=\"font-size: 14px\">.<\/span><\/p>\n<p>&nbsp;<\/p>\n<p style=\"text-align: right\"><span style=\"font-size: 16px;color: #003300\"><em><strong>Arkheia arkheim archivum<\/strong><\/em><img loading=\"lazy\" decoding=\"async\" class=\"wp-image-822  alignright\" src=\"http:\/\/acsixt.hypotheses.org\/files\/2020\/04\/Localarchives-scaled.jpg\" alt=\"\" width=\"153\" height=\"204\" \/><\/span><br \/><span style=\"font-size: 16px\"><em><span style=\"color: #003300\">savoir et apprentissage<\/span><br \/><span style=\"font-size: 12px\">Le terme archives en fran\u00e7ais est apparu au 13e si\u00e8cle. D\u00e9signant \u00e0 la fois le lieu et ce que l&rsquo;on y conserve, chaque document et pi\u00e8ce r\u00e9pertori\u00e9 repose sur un travail \u00e0 la fois technique, pragmatique, scientifique et institutionnel,<\/span><\/em><\/span><\/p>\n<p>&nbsp;<\/p>\n<p>&nbsp;<\/p>\n<p>&nbsp;<\/p>\n<p style=\"text-align: right\"><span style=\"font-size: 16px;color: #003300\"><em><strong>Are&rsquo;chives<\/strong><\/em><img loading=\"lazy\" decoding=\"async\" class=\"wp-image-822  alignright\" src=\"http:\/\/acsixt.hypotheses.org\/files\/2020\/04\/Localarchives-scaled.jpg\" alt=\"\" width=\"153\" height=\"204\" \/><\/span><br \/><span style=\"font-size: 16px\"><em><span style=\"color: #003300\">Entre stockage et surface<\/span><br \/><span style=\"font-size: 12px\">Chaque collectivit\u00e9 territoriale conserve plus de 200 ans d&rsquo;histoire. Chaque document et pi\u00e8ce d&rsquo;archives peut nous parler d&rsquo;histoire. Alors comment stocker et pr\u00e9server un volume expansif d&rsquo;objets de toutes sortes, de support d&rsquo;information de tout \u00e2ge (bois, papier, disquette souple, photo argentique, carte m\u00e9moire) lorsque la Mairie est la gardienne d&rsquo;une histoire de moins de 2500 habitants.<\/span><\/em><\/span><\/p>\n<p>&nbsp;<\/p>\n<p style=\"text-align: right\"><span style=\"font-size: 12px\"><span style=\"font-size: 16px;color: #003300\"> <em><strong>Archi&rsquo;tech<\/strong><\/em><img loading=\"lazy\" decoding=\"async\" class=\"wp-image-822  alignright\" src=\"http:\/\/acsixt.hypotheses.org\/files\/2020\/04\/Localarchives-scaled.jpg\" alt=\"\" width=\"149\" height=\"199\" \/><\/span><br \/><em><span style=\"font-size: 16px\"><span style=\"color: #003300\">Et la question du classement num\u00e9rique<\/span><br \/><span style=\"font-size: 12px\">Si de prime abord, les documents \u00e9lectroniques paraissent la solution et un objet fiable en tant que preuve d&rsquo;une action, leur production et leur conservation exposent les collectivit\u00e9s territoriales \u00e0 une perte de m\u00e9moire et produisent m\u00eame un risque majeur de perte d&rsquo;archives \u00e9lectroniques qui ont pour la plupart une valeur probante.\u00a0 <br \/><\/span><\/span><\/em><\/span><\/p>\n<p>&nbsp;<\/p>\n<p>&nbsp;<\/p>\n<p style=\"text-align: right\"><span style=\"font-size: 14px;color: #800000\"><strong><span class=\"tadv-color\"><a style=\"color: #800000\" href=\"http:\/\/acsixt.hypotheses.org\/discipline\"><em>=&gt; Retour \u00e0 la section \u00ab\u00a0Discipline\u00a0\u00bb <\/em><\/a><\/span><\/strong><\/span><\/p>\n<p style=\"text-align: center\"><span style=\"color: #800000;font-size: 14px\"><strong><span class=\"tadv-color\"><a style=\"color: #800000\" href=\"https:\/\/acsixt.hypotheses.org\/mentions-legales\">Mentions l\u00e9gales<\/a> &#8211; <a style=\"color: #800000\" href=\"http:\/\/acsixt.hypotheses.org\/a-propos\">A propos de<\/a> &#8211; <a style=\"color: #800000\" href=\"https:\/\/acsixt.hypotheses.org\/credits\">Cr\u00e9dits<\/a> &#8211; <\/span><\/strong> <\/span><strong><span style=\"color: #800000;font-size: 14px\"><a style=\"color: #800000\" href=\"http:\/\/acsixt.hypotheses.org\/informations-pratiques\">Infos pratiques<\/a> &#8211; <a style=\"color: #800000\" href=\"http:\/\/acsixt.hypotheses.org\/contact\">Contact<\/a><\/span><\/strong><\/p>\n","protected":false},"excerpt":{"rendered":"<p>&nbsp; Pr\u00e9ambule Qu&rsquo;est-ce que \u00ab\u00a0archiver\u00a0\u00bb ? Pour les uns, il s&rsquo;agit de ranger dans de nouvelles bo\u00eetes un certain nombre de documents ; pour les autres, il est question de rassembler des documents ayant le m\u00eame objet. En fait, ces deux \u00e9l\u00e9ments de r\u00e9ponses sont \u00e0 la fois exacts et incomplets. Archiver&#8230; un dossier&#8230; consiste &hellip; <a href=\"https:\/\/archives.sixt-sur-aff.fr\/?page_id=178\" class=\"more-link\">Continuer la lecture de <span class=\"screen-reader-text\">Discipline et science &#8211; Traitement des archives<\/span>  <span class=\"meta-nav\">&rarr;<\/span><\/a><\/p>\n","protected":false},"author":1,"featured_media":0,"parent":0,"menu_order":0,"comment_status":"closed","ping_status":"closed","template":"page-templates\/full-width.php","meta":{"footnotes":""},"class_list":["post-178","page","type-page","status-publish","hentry"],"_links":{"self":[{"href":"https:\/\/archives.sixt-sur-aff.fr\/index.php?rest_route=\/wp\/v2\/pages\/178","targetHints":{"allow":["GET"]}}],"collection":[{"href":"https:\/\/archives.sixt-sur-aff.fr\/index.php?rest_route=\/wp\/v2\/pages"}],"about":[{"href":"https:\/\/archives.sixt-sur-aff.fr\/index.php?rest_route=\/wp\/v2\/types\/page"}],"author":[{"embeddable":true,"href":"https:\/\/archives.sixt-sur-aff.fr\/index.php?rest_route=\/wp\/v2\/users\/1"}],"replies":[{"embeddable":true,"href":"https:\/\/archives.sixt-sur-aff.fr\/index.php?rest_route=%2Fwp%2Fv2%2Fcomments&post=178"}],"version-history":[{"count":0,"href":"https:\/\/archives.sixt-sur-aff.fr\/index.php?rest_route=\/wp\/v2\/pages\/178\/revisions"}],"wp:attachment":[{"href":"https:\/\/archives.sixt-sur-aff.fr\/index.php?rest_route=%2Fwp%2Fv2%2Fmedia&parent=178"}],"curies":[{"name":"wp","href":"https:\/\/api.w.org\/{rel}","templated":true}]}}