{"id":183,"date":"2020-03-26T21:46:19","date_gmt":"2020-03-26T19:46:19","guid":{"rendered":"http:\/\/acsixt.hypotheses.org\/?page_id=183"},"modified":"2020-03-26T21:46:19","modified_gmt":"2020-03-26T19:46:19","slug":"discipline-et-science-travaux-scientifiques","status":"publish","type":"page","link":"https:\/\/archives.sixt-sur-aff.fr\/?page_id=183","title":{"rendered":"Discipline et science &#8211; Travaux scientifiques"},"content":{"rendered":"\n<p>&nbsp;<\/p>\n<p style=\"text-align: right\"><span style=\"font-size: 20px;color: #339966\">Pr\u00e9ambule<\/span><\/p>\n<p style=\"text-align: justify\"><span style=\"font-size: 14px\">S\u2019interroger sur le traitement, le classement, l\u2019acc\u00e8s et la r\u00e9utilisation des archives pose in\u00e9vitablement la question de la conservation d\u00e9finitive ou non des donn\u00e9es ainsi que des documents et pi\u00e8ces d&rsquo;archives re\u00e7us ou produits par les diff\u00e9rents services communaux en prenant en compte leur int\u00e9r\u00eat administratif, historique, juridique ou public. Si cette affirmation est <span style=\"color: #800000\"><a style=\"color: #800000\" href=\"https:\/\/www.cnrtl.fr\/definition\/apodictique\" target=\"_blank\" rel=\"noopener noreferrer\"><span style=\"color: #333333\">apodictique<\/span> <\/a><\/span>pour les archivistes, il convient d\u2019en mod\u00e9rer les propos car ces m\u00eames archives peuvent \u00eatre manquantes ou non communicables. d\u00e8s lors, l&rsquo;usager est alors face \u00e0 une absence ou un manque d&rsquo;information pouvant l&rsquo;amener \u00e0 ne pas pouvoir poursuivre son travail. Tout en s&rsquo;interrogeant sur leur statut, cette rubrique tentera de mettre en avant toute la richesse des archives publiques et priv\u00e9es ainsi que leur potentiel en tant que sources pour les usagers de tout horizon.<\/span><\/p>\n<p><strong><em>Partons pour ce voyage archivistique o\u00f9 ce qui est ne serait plus&#8230; ou \u00e9tait.<\/em><\/strong><\/p>\n<p>&nbsp;<\/p>\n<p style=\"text-align: right\"><span style=\"font-size: 16px;color: #003300\"><em><strong>Art&rsquo;chives<\/strong><\/em><a style=\"color: #003300\" href=\"http:\/\/acsixt.hypotheses.org\/files\/2020\/04\/Artchives_Lorsque_les_archives_rencontre_l_archive.pdf\" target=\"_blank\" rel=\"noopener noreferrer\"><img loading=\"lazy\" decoding=\"async\" class=\"alignright wp-image-389\" src=\"http:\/\/acsixt.hypotheses.org\/files\/2020\/04\/Artchives_Illustration_01.jpg\" alt=\"\" width=\"99\" height=\"132\" srcset=\"https:\/\/archives.sixt-sur-aff.fr\/wp-content\/uploads\/2020\/04\/Artchives_Illustration_01.jpg 1920w, https:\/\/archives.sixt-sur-aff.fr\/wp-content\/uploads\/2020\/04\/Artchives_Illustration_01-225x300.jpg 225w, https:\/\/archives.sixt-sur-aff.fr\/wp-content\/uploads\/2020\/04\/Artchives_Illustration_01-768x1024.jpg 768w, https:\/\/archives.sixt-sur-aff.fr\/wp-content\/uploads\/2020\/04\/Artchives_Illustration_01-1152x1536.jpg 1152w, https:\/\/archives.sixt-sur-aff.fr\/wp-content\/uploads\/2020\/04\/Artchives_Illustration_01-1536x2048.jpg 1536w\" sizes=\"auto, (max-width: 99px) 100vw, 99px\" \/><\/a><\/span><br \/><span style=\"font-size: 16px\"><em><span style=\"color: #003300\">Lorsque les archives rencontre l\u2019archive<br \/>(s\u00e9rie_01)<\/span><br \/><span style=\"font-size: 12px\">Ce texte tente d\u2019interroger le devenir des documents et pi\u00e8ces d\u2019archives au contact d\u2019une production artistique dans le cas de leur r\u00e9emploi, de leur perception ainsi que de leur cr\u00e9ation.<\/span><br \/><\/em><\/span><\/p>\n<p>&nbsp;<\/p>\n<p style=\"text-align: right\"><span style=\"font-size: 12px\"><span style=\"font-size: 16px;color: #003300\">\u00a0<em><strong>Art&rsquo;chives<\/strong><\/em><a style=\"color: #003300\" href=\"http:\/\/acsixt.hypotheses.org\/files\/2020\/04\/Artchives_Serie02_HAL_ArchivesOuvertes_VersionFinale.pdf\" target=\"_blank\" rel=\"noopener noreferrer\"><img loading=\"lazy\" decoding=\"async\" class=\"alignright wp-image-389\" src=\"http:\/\/acsixt.hypotheses.org\/files\/2020\/04\/Artchives_Illustration_01.jpg\" alt=\"\" width=\"99\" height=\"132\" srcset=\"https:\/\/archives.sixt-sur-aff.fr\/wp-content\/uploads\/2020\/04\/Artchives_Illustration_01.jpg 1920w, https:\/\/archives.sixt-sur-aff.fr\/wp-content\/uploads\/2020\/04\/Artchives_Illustration_01-225x300.jpg 225w, https:\/\/archives.sixt-sur-aff.fr\/wp-content\/uploads\/2020\/04\/Artchives_Illustration_01-768x1024.jpg 768w, https:\/\/archives.sixt-sur-aff.fr\/wp-content\/uploads\/2020\/04\/Artchives_Illustration_01-1152x1536.jpg 1152w, https:\/\/archives.sixt-sur-aff.fr\/wp-content\/uploads\/2020\/04\/Artchives_Illustration_01-1536x2048.jpg 1536w\" sizes=\"auto, (max-width: 99px) 100vw, 99px\" \/><\/a><\/span><br \/><em><span style=\"font-size: 16px\"><span style=\"color: #003300\">Les archives des archives, une m\u00e9moire dormante<br \/>(s\u00e9rie_02)<\/span><br \/><span style=\"font-size: 12px\">Ce texte tente de soumettre diff\u00e9rentes pistes autour de l&rsquo;usage des instruments de recherche produits et re\u00e7us par un service d&rsquo;archives.<\/span><\/span><\/em><\/span><\/p>\n<p>&nbsp;<\/p>\n<p style=\"text-align: right\"><span style=\"font-size: 16px;color: #003300\"><em><strong>Art&rsquo;chives<\/strong><\/em><a style=\"color: #003300\" href=\"http:\/\/acsixt.hypotheses.org\/files\/2020\/04\/Artchives_Serie03_HAL_ArchivesOuvertes_VersionFinale.pdf\" target=\"_blank\" rel=\"noopener noreferrer\"><img loading=\"lazy\" decoding=\"async\" class=\"alignright wp-image-389\" src=\"http:\/\/acsixt.hypotheses.org\/files\/2020\/04\/Artchives_Illustration_01.jpg\" alt=\"\" width=\"99\" height=\"132\" srcset=\"https:\/\/archives.sixt-sur-aff.fr\/wp-content\/uploads\/2020\/04\/Artchives_Illustration_01.jpg 1920w, https:\/\/archives.sixt-sur-aff.fr\/wp-content\/uploads\/2020\/04\/Artchives_Illustration_01-225x300.jpg 225w, https:\/\/archives.sixt-sur-aff.fr\/wp-content\/uploads\/2020\/04\/Artchives_Illustration_01-768x1024.jpg 768w, https:\/\/archives.sixt-sur-aff.fr\/wp-content\/uploads\/2020\/04\/Artchives_Illustration_01-1152x1536.jpg 1152w, https:\/\/archives.sixt-sur-aff.fr\/wp-content\/uploads\/2020\/04\/Artchives_Illustration_01-1536x2048.jpg 1536w\" sizes=\"auto, (max-width: 99px) 100vw, 99px\" \/><\/a><\/span><br \/><em><span style=\"font-size: 16px;color: #003300\">L\u2019entropie des discours dans les archives<br \/>(s\u00e9rie_03)<\/span><br \/><span style=\"font-size: 12px\">Ce texte tente de mettre en avant toute la richesse des archives ainsi que leur potentiel en tant que sources.<\/span><\/em><\/p>\n<p>&nbsp;<\/p>\n<p style=\"text-align: right\"><span style=\"font-size: 14px;color: #800000\"><strong><span class=\"tadv-color\"><a style=\"color: #800000\" href=\"http:\/\/acsixt.hypotheses.org\/discipline\"><em>=&gt; Retour \u00e0 la section \u00ab\u00a0Discipline\u00a0\u00bb <\/em><\/a><\/span><\/strong><\/span><\/p>\n<p style=\"text-align: center\"><span style=\"color: #800000;font-size: 14px\"><strong><span class=\"tadv-color\"><a style=\"color: #800000\" href=\"https:\/\/acsixt.hypotheses.org\/mentions-legales\">Mentions l\u00e9gales<\/a> &#8211; <a style=\"color: #800000\" href=\"http:\/\/acsixt.hypotheses.org\/a-propos\">A propos de<\/a> &#8211; <a style=\"color: #800000\" href=\"https:\/\/acsixt.hypotheses.org\/credits\">Cr\u00e9dits<\/a> &#8211; <\/span><\/strong> <\/span><strong><span style=\"color: #800000;font-size: 14px\"><a style=\"color: #800000\" href=\"http:\/\/acsixt.hypotheses.org\/informations-pratiques\">Infos pratiques<\/a> &#8211; <a style=\"color: #800000\" href=\"http:\/\/acsixt.hypotheses.org\/contact\">Contact<\/a><\/span><\/strong><\/p>\n","protected":false},"excerpt":{"rendered":"<p>&nbsp; Pr\u00e9ambule S\u2019interroger sur le traitement, le classement, l\u2019acc\u00e8s et la r\u00e9utilisation des archives pose in\u00e9vitablement la question de la conservation d\u00e9finitive ou non des donn\u00e9es ainsi que des documents et pi\u00e8ces d&rsquo;archives re\u00e7us ou produits par les diff\u00e9rents services communaux en prenant en compte leur int\u00e9r\u00eat administratif, historique, juridique ou public. Si cette affirmation &hellip; <a href=\"https:\/\/archives.sixt-sur-aff.fr\/?page_id=183\" class=\"more-link\">Continuer la lecture de <span class=\"screen-reader-text\">Discipline et science &#8211; Travaux scientifiques<\/span>  <span class=\"meta-nav\">&rarr;<\/span><\/a><\/p>\n","protected":false},"author":1,"featured_media":0,"parent":0,"menu_order":0,"comment_status":"closed","ping_status":"closed","template":"page-templates\/full-width.php","meta":{"footnotes":""},"class_list":["post-183","page","type-page","status-publish","hentry"],"_links":{"self":[{"href":"https:\/\/archives.sixt-sur-aff.fr\/index.php?rest_route=\/wp\/v2\/pages\/183","targetHints":{"allow":["GET"]}}],"collection":[{"href":"https:\/\/archives.sixt-sur-aff.fr\/index.php?rest_route=\/wp\/v2\/pages"}],"about":[{"href":"https:\/\/archives.sixt-sur-aff.fr\/index.php?rest_route=\/wp\/v2\/types\/page"}],"author":[{"embeddable":true,"href":"https:\/\/archives.sixt-sur-aff.fr\/index.php?rest_route=\/wp\/v2\/users\/1"}],"replies":[{"embeddable":true,"href":"https:\/\/archives.sixt-sur-aff.fr\/index.php?rest_route=%2Fwp%2Fv2%2Fcomments&post=183"}],"version-history":[{"count":0,"href":"https:\/\/archives.sixt-sur-aff.fr\/index.php?rest_route=\/wp\/v2\/pages\/183\/revisions"}],"wp:attachment":[{"href":"https:\/\/archives.sixt-sur-aff.fr\/index.php?rest_route=%2Fwp%2Fv2%2Fmedia&parent=183"}],"curies":[{"name":"wp","href":"https:\/\/api.w.org\/{rel}","templated":true}]}}