{"id":187,"date":"2020-03-26T21:49:52","date_gmt":"2020-03-26T19:49:52","guid":{"rendered":"http:\/\/acsixt.hypotheses.org\/?page_id=187"},"modified":"2020-03-26T21:49:52","modified_gmt":"2020-03-26T19:49:52","slug":"vos-recherches-preparation","status":"publish","type":"page","link":"https:\/\/archives.sixt-sur-aff.fr\/?page_id=187","title":{"rendered":"Vos recherches &#8211; Pr\u00e9paration"},"content":{"rendered":"<h5 style=\"text-align: right\"><span style=\"text-decoration: underline\"><span style=\"color: #993300;text-decoration: underline\">ACCUEIL DU PUBLIC<\/span><\/span><\/h5>\n<p style=\"text-align: justify\">\u00a0\u00a0\u00a0\u00a0\u00a0\u00a0 L\u2019accueil du public dans le cadre de la consultation des archives communales de Sixt-sur-Aff se fait \u00e0 la Mairie, au 2 rue Onffroy de la Rosi\u00e8re, 35550 Sixt-sur-Aff. La consultation des archives communales a lieu dans le bureau des consultations situ\u00e9 au rez-de-chauss\u00e9e. Les personnes \u00e0 mobilit\u00e9 r\u00e9duite sont accueillies en salle du Conseil municipal.<\/p>\n<p style=\"text-align: justify\">L\u2019acc\u00e8s aux archives municipales de Sixt-sur-Aff est libre et gratuit \u00e0 toute personne majeure ou mineure \u2013accompagn\u00e9e d\u2019un majeur ou munie d\u2019une <a href=\"http:\/\/acsixt.hypotheses.org\/files\/2020\/08\/SixtsurAff_Archives_Consultation_Autorisationparentale_2020.pdf\" target=\"_blank\" rel=\"noopener noreferrer\">autorisation du\/de la responsable l\u00e9gal(e) ou des responsables l\u00e9gaux<\/a>, sous r\u00e9serve des conditions pr\u00e9alables de rendez-vous ainsi que du respect du pr\u00e9sent <a href=\"http:\/\/acsixt.hypotheses.org\/files\/2020\/08\/ARRETE_2020-16_Arrete_ArchivesCommunales_ReglementInterieur_juin2020.pdf\" target=\"_blank\" rel=\"noopener noreferrer\">r\u00e8glement<\/a>.<\/p>\n<p style=\"text-align: justify\">Une fermeture exceptionnelle peut \u00eatre d\u00e9cid\u00e9e en cas de n\u00e9cessit\u00e9 de service. Une fermeture exceptionnelle peut \u00eatre d\u00e9cid\u00e9e en cas d\u2019absence de la personne en charge des archives communales.<\/p>\n<p style=\"text-align: justify\">Attention, seuls sont autoris\u00e9s durant la consultation appareils photographiques, crayons \u00e0 papier, cahiers, classeurs, feuilles volantes et ordinateurs portables.<\/p>\n<h5 style=\"text-align: right\"><span style=\"text-decoration: underline\"><span style=\"color: #993300;text-decoration: underline\">PROC\u00c9DURE D\u2019INSCRIPTION<\/span><\/span><\/h5>\n<p style=\"text-align: justify\">\u00a0\u00a0\u00a0\u00a0 <img loading=\"lazy\" decoding=\"async\" class=\" wp-image-1113 alignright\" src=\"http:\/\/acsixt.hypotheses.org\/files\/2020\/07\/Registreconsultation.jpg\" alt=\"\" width=\"144\" height=\"102\" srcset=\"https:\/\/archives.sixt-sur-aff.fr\/wp-content\/uploads\/2020\/07\/Registreconsultation.jpg 906w, https:\/\/archives.sixt-sur-aff.fr\/wp-content\/uploads\/2020\/07\/Registreconsultation-300x213.jpg 300w, https:\/\/archives.sixt-sur-aff.fr\/wp-content\/uploads\/2020\/07\/Registreconsultation-768x544.jpg 768w\" sizes=\"auto, (max-width: 144px) 100vw, 144px\" \/>Afin d\u2019acc\u00e9der \u00e0 la consultation des archives de la commune de Sixt-sur-Aff, le demandeur sera inscrit sur le registre de consultation des archives communales ou\/et le registre d\u2019emprunt des archives communales. Le demandeur doit justifier de son identit\u00e9 par la production d\u2019une pi\u00e8ce officielle comportant une photographie (carte nationale d&rsquo;identit\u00e9, passeport ou permis de conduire).<\/p>\n<p style=\"text-align: justify\">La consultation des archives communales de Sixt-sur-Aff par le public se fait uniquement sur rendez-vous au 2 rue Onffroy de la Rosi\u00e8re, 35550 Sixt-sur-Aff, chaque mardi de 9h00 \u00e0 12h00 et de 14h00 \u00e0 17h00. Les rendez-vous sont pris de pr\u00e9f\u00e9rence par adresse \u00e9lectronique \u00e0 mairie@sixt-sur-aff.fr, par t\u00e9l\u00e9phone au 02.99.70.01.88 ou \u00e0 l\u2019accueil de la Mairie de Sixt-sur-Aff.<\/p>\n<p>&nbsp;<\/p>\n<p style=\"text-align: right\"><span style=\"font-size: 14px;color: #800000\"><strong><span class=\"tadv-color\"><a style=\"color: #800000\" href=\"http:\/\/acsixt.hypotheses.org\/vos-recherches\"><em>=&gt; Retour \u00e0 la section \u00ab\u00a0Vos recherches\u00a0\u00bb<\/em><\/a><\/span><\/strong><\/span><\/p>\n<p style=\"text-align: center\"><span style=\"color: #800000;font-size: 14px\"><strong><span class=\"tadv-color\"><a style=\"color: #800000\" href=\"https:\/\/acsixt.hypotheses.org\/mentions-legales\">Mentions l\u00e9gales<\/a> &#8211; <a style=\"color: #800000\" href=\"http:\/\/acsixt.hypotheses.org\/a-propos\">A propos de<\/a> &#8211; <a style=\"color: #800000\" href=\"https:\/\/acsixt.hypotheses.org\/credits\">Cr\u00e9dits<\/a> &#8211; <\/span><\/strong> <\/span><strong><span style=\"color: #800000;font-size: 14px\"><a style=\"color: #800000\" href=\"http:\/\/acsixt.hypotheses.org\/informations-pratiques\">Infos pratiques<\/a> &#8211; <a style=\"color: #800000\" href=\"http:\/\/acsixt.hypotheses.org\/contact\">Contact<\/a><\/span><\/strong><\/p>\n","protected":false},"excerpt":{"rendered":"<p>ACCUEIL DU PUBLIC \u00a0\u00a0\u00a0\u00a0\u00a0\u00a0 L\u2019accueil du public dans le cadre de la consultation des archives communales de Sixt-sur-Aff se fait \u00e0 la Mairie, au 2 rue Onffroy de la Rosi\u00e8re, 35550 Sixt-sur-Aff. La consultation des archives communales a lieu dans le bureau des consultations situ\u00e9 au rez-de-chauss\u00e9e. Les personnes \u00e0 mobilit\u00e9 r\u00e9duite sont accueillies en &hellip; <a href=\"https:\/\/archives.sixt-sur-aff.fr\/?page_id=187\" class=\"more-link\">Continuer la lecture de <span class=\"screen-reader-text\">Vos recherches &#8211; Pr\u00e9paration<\/span>  <span class=\"meta-nav\">&rarr;<\/span><\/a><\/p>\n","protected":false},"author":1,"featured_media":0,"parent":0,"menu_order":0,"comment_status":"closed","ping_status":"closed","template":"page-templates\/full-width.php","meta":{"footnotes":""},"class_list":["post-187","page","type-page","status-publish","hentry"],"_links":{"self":[{"href":"https:\/\/archives.sixt-sur-aff.fr\/index.php?rest_route=\/wp\/v2\/pages\/187","targetHints":{"allow":["GET"]}}],"collection":[{"href":"https:\/\/archives.sixt-sur-aff.fr\/index.php?rest_route=\/wp\/v2\/pages"}],"about":[{"href":"https:\/\/archives.sixt-sur-aff.fr\/index.php?rest_route=\/wp\/v2\/types\/page"}],"author":[{"embeddable":true,"href":"https:\/\/archives.sixt-sur-aff.fr\/index.php?rest_route=\/wp\/v2\/users\/1"}],"replies":[{"embeddable":true,"href":"https:\/\/archives.sixt-sur-aff.fr\/index.php?rest_route=%2Fwp%2Fv2%2Fcomments&post=187"}],"version-history":[{"count":0,"href":"https:\/\/archives.sixt-sur-aff.fr\/index.php?rest_route=\/wp\/v2\/pages\/187\/revisions"}],"wp:attachment":[{"href":"https:\/\/archives.sixt-sur-aff.fr\/index.php?rest_route=%2Fwp%2Fv2%2Fmedia&parent=187"}],"curies":[{"name":"wp","href":"https:\/\/api.w.org\/{rel}","templated":true}]}}