{"id":189,"date":"2020-03-26T21:50:18","date_gmt":"2020-03-26T19:50:18","guid":{"rendered":"http:\/\/acsixt.hypotheses.org\/?page_id=189"},"modified":"2020-03-26T21:50:18","modified_gmt":"2020-03-26T19:50:18","slug":"vos-recherches-consultation","status":"publish","type":"page","link":"https:\/\/archives.sixt-sur-aff.fr\/?page_id=189","title":{"rendered":"Vos recherches &#8211; Consultation"},"content":{"rendered":"<h5 style=\"text-align: right\"><span style=\"text-decoration: underline\"><span style=\"color: #993300;text-decoration: underline\">CONSULTATION DES ARCHIVES<br \/>\n<\/span><\/span><\/h5>\n<p style=\"text-align: justify\">\u00a0\u00a0 <img loading=\"lazy\" decoding=\"async\" class=\"wp-image-1115 alignright\" src=\"http:\/\/acsixt.hypotheses.org\/files\/2020\/07\/Instrumentderecherche.jpg\" alt=\"\" width=\"98\" height=\"139\" srcset=\"https:\/\/archives.sixt-sur-aff.fr\/wp-content\/uploads\/2020\/07\/Instrumentderecherche.jpg 544w, https:\/\/archives.sixt-sur-aff.fr\/wp-content\/uploads\/2020\/07\/Instrumentderecherche-212x300.jpg 212w\" sizes=\"auto, (max-width: 98px) 100vw, 98px\" \/>\u00a0 Le demandeur inscrit peut consulter les instruments de recherche mis \u00e0 disposition \u00e0 l\u2019accueil de la Mairie aux horaires d\u2019ouverture ou les consulter sur le site Internet de la Mairie. \u00c0 la lecture des <a href=\"http:\/\/acsixt.hypotheses.org\/inventaires\">instruments de recherche<\/a>, le demandeur peut, en pr\u00e9cisant le(s) document(s) vis\u00e9(s), formuler l\u2019objet de sa demande : &#8211; par courriel \u00e0 mairie@sixt-sur-aff.fr, &#8211; par voie postale au 2 rue Onffroy de la Rosi\u00e8re, 35550 Sixt-sur-Aff, &#8211; en Mairie en d\u00e9posant un <a href=\"http:\/\/acsixt.hypotheses.org\/files\/2020\/08\/SixtsurAff_Archives_Consultation_FormulaireConsultation_2020.pdf\" target=\"_blank\" rel=\"noopener noreferrer\">formulaire de consultation<\/a>.<\/p>\n<p style=\"text-align: justify\">Dans le cas de demande de consultation dite simple tel que l\u2019\u00e9tat civil, le demandeur peut faire sa demande de consultation lors de son inscription sur le registre de consultation des archives communales ou\/et le registre d\u2019emprunt des archives communales.<\/p>\n<p style=\"text-align: justify\">\u00c0 l\u2019exception de l\u2019\u00e9tat civil dans le cadre d\u2019une d\u00e9marche administrative, toute consultation des archives communales de Sixt-sur-Aff se fait uniquement sur rendez-vous. La personne en charge des archives communales ne fait pas les recherches en lieu et place du demandeur mais fournit les sources pour la recherche et v\u00e9rifie la communicabilit\u00e9, les conditions de pr\u00eat et de restitution des documents consult\u00e9s.<\/p>\n<p style=\"text-align: justify\">Attention : La personne en charge des archives communales ne fait pas les recherches en lieu et place du demandeur mais fournit les sources pour la recherche et v\u00e9rifie la communicabilit\u00e9, les conditions de pr\u00eat et de restitution des documents consult\u00e9s.<\/p>\n<h5 style=\"text-align: right\"><span style=\"text-decoration: underline\"><span style=\"color: #993300;text-decoration: underline\">COMMUNICATION DES DOCUMENTS<br \/>\n<\/span><\/span><\/h5>\n<p style=\"text-align: justify\">\u00a0\u00a0\u00a0\u00a0 La consultation des documents et pi\u00e8ces d\u2019archives se fait apr\u00e8s rendez-vous et exclusivement dans la pi\u00e8ce destin\u00e9e \u00e0 cet usage. Les locaux o\u00f9 sont rang\u00e9s les documents et pi\u00e8ces en instance et ceux affect\u00e9s au traitement et \u00e0 la conservation des archives sont interdits au public. Les articles sont communiqu\u00e9s un par un. Aucun document et pi\u00e8ce d\u2019archives ne sort de la Mairie de Sixt-sur-Aff.<\/p>\n<p style=\"text-align: justify\">La personne en charge des archives communales de Sixt-sur-Aff a pour mission d\u2019informer, de conseiller, d\u2019orienter les lecteurs mais pas d\u2019effectuer les recherches en leur lieu et place. En cas d\u2019affluence excessive par rapport aux capacit\u00e9s d\u2019accueil de la Mairie de Sixt-sur-Aff, les demandes d\u2019information, de conseils et d\u2019orientation peuvent \u00eatre suspendues. Avant toute remise d\u2019un nouveau document, la personne en charge des archives communales ou le personnel communal v\u00e9rifie l\u2019\u00e9tat des documents et pi\u00e8ces pr\u00e9c\u00e9demment consult\u00e9s lors de la restitution.<\/p>\n<p style=\"text-align: justify\">Tout lecteur est responsable des documents qui lui sont remis en communication. Le lecteur est tenu de respecter l\u2019ordre dans lequel le dossier communiqu\u00e9 est class\u00e9 et de signaler tout d\u00e9sordre, disparition ou anomalie. Le lecteur est tenu de manier les documents avec pr\u00e9caution.<\/p>\n<p style=\"text-align: justify\">Attention : Lors de la consultation de documents et pi\u00e8ces d\u2019archives, il est interdit de :<br \/>\n&#8211; de consommer boissons et nourriture,<br \/>\n&#8211; de faire p\u00e9n\u00e9trer des animaux (\u00e0 l\u2019exception des chiens guides des personnes malvoyantes),<br \/>\n&#8211; de fumer,<br \/>\n&#8211; de d\u00e9grader les archives (annoter, plier, t\u00e2cher\u2026),<br \/>\n&#8211; d\u2019utiliser colle, ciseaux\u2026 ou tout autre objet susceptible d\u2019endommager les archives.<\/p>\n<p style=\"text-align: justify\">La personne en charge des archives communales ou le personnel communal est habilit\u00e9 \u00e0 inviter tout usager refusant de se conformer \u00e0 ces prescriptions \u00e0 quitter la Mairie.<\/p>\n<p style=\"text-align: right\"><span style=\"font-size: 14px;color: #800000\"><strong><span class=\"tadv-color\"><a style=\"color: #800000\" href=\"http:\/\/acsixt.hypotheses.org\/vos-recherches\"><em>=&gt; Retour \u00e0 la section \u00ab\u00a0Vos recherches\u00a0\u00bb<\/em><\/a><\/span><\/strong><\/span><\/p>\n<p style=\"text-align: center\"><span style=\"color: #800000;font-size: 14px\"><strong><span class=\"tadv-color\"><a style=\"color: #800000\" href=\"https:\/\/acsixt.hypotheses.org\/mentions-legales\">Mentions l\u00e9gales<\/a> &#8211; <a style=\"color: #800000\" href=\"http:\/\/acsixt.hypotheses.org\/a-propos\">A propos de<\/a> &#8211; <a style=\"color: #800000\" href=\"https:\/\/acsixt.hypotheses.org\/credits\">Cr\u00e9dits<\/a> &#8211; <\/span><\/strong> <\/span><strong><span style=\"color: #800000;font-size: 14px\"><a style=\"color: #800000\" href=\"http:\/\/acsixt.hypotheses.org\/informations-pratiques\">Infos pratiques<\/a> &#8211; <a style=\"color: #800000\" href=\"http:\/\/acsixt.hypotheses.org\/contact\">Contact<\/a><\/span><\/strong><\/p>\n","protected":false},"excerpt":{"rendered":"<p>CONSULTATION DES ARCHIVES \u00a0\u00a0 \u00a0 Le demandeur inscrit peut consulter les instruments de recherche mis \u00e0 disposition \u00e0 l\u2019accueil de la Mairie aux horaires d\u2019ouverture ou les consulter sur le site Internet de la Mairie. \u00c0 la lecture des instruments de recherche, le demandeur peut, en pr\u00e9cisant le(s) document(s) vis\u00e9(s), formuler l\u2019objet de sa demande &hellip; <a href=\"https:\/\/archives.sixt-sur-aff.fr\/?page_id=189\" class=\"more-link\">Continuer la lecture de <span class=\"screen-reader-text\">Vos recherches &#8211; Consultation<\/span>  <span class=\"meta-nav\">&rarr;<\/span><\/a><\/p>\n","protected":false},"author":1,"featured_media":0,"parent":0,"menu_order":0,"comment_status":"closed","ping_status":"closed","template":"page-templates\/full-width.php","meta":{"footnotes":""},"class_list":["post-189","page","type-page","status-publish","hentry"],"_links":{"self":[{"href":"https:\/\/archives.sixt-sur-aff.fr\/index.php?rest_route=\/wp\/v2\/pages\/189","targetHints":{"allow":["GET"]}}],"collection":[{"href":"https:\/\/archives.sixt-sur-aff.fr\/index.php?rest_route=\/wp\/v2\/pages"}],"about":[{"href":"https:\/\/archives.sixt-sur-aff.fr\/index.php?rest_route=\/wp\/v2\/types\/page"}],"author":[{"embeddable":true,"href":"https:\/\/archives.sixt-sur-aff.fr\/index.php?rest_route=\/wp\/v2\/users\/1"}],"replies":[{"embeddable":true,"href":"https:\/\/archives.sixt-sur-aff.fr\/index.php?rest_route=%2Fwp%2Fv2%2Fcomments&post=189"}],"version-history":[{"count":0,"href":"https:\/\/archives.sixt-sur-aff.fr\/index.php?rest_route=\/wp\/v2\/pages\/189\/revisions"}],"wp:attachment":[{"href":"https:\/\/archives.sixt-sur-aff.fr\/index.php?rest_route=%2Fwp%2Fv2%2Fmedia&parent=189"}],"curies":[{"name":"wp","href":"https:\/\/api.w.org\/{rel}","templated":true}]}}