{"id":191,"date":"2020-03-26T21:50:59","date_gmt":"2020-03-26T19:50:59","guid":{"rendered":"http:\/\/acsixt.hypotheses.org\/?page_id=191"},"modified":"2020-03-26T21:50:59","modified_gmt":"2020-03-26T19:50:59","slug":"vos-recherches-reproduction-reutilisation","status":"publish","type":"page","link":"https:\/\/archives.sixt-sur-aff.fr\/?page_id=191","title":{"rendered":"Vos recherches &#8211; Reproduction &#8211; R\u00e9utilisation"},"content":{"rendered":"<h5 style=\"text-align: right\"><span style=\"text-decoration: underline\"><span style=\"color: #993300;text-decoration: underline\">REPRODUCTION ET<\/span> <span style=\"color: #993300;text-decoration: underline\">R<\/span><span style=\"color: #993300;text-decoration: underline\">\u00c9<\/span><span style=\"color: #993300;text-decoration: underline\">UTILISATION DES ARCHIVES<\/span><\/span><\/h5>\n<p style=\"text-align: justify\">\u00a0\u00a0\u00a0\u00a0 La personne en charge des archives communales ou le personnel communal autorise les reproductions sans flash.<\/p>\n<p style=\"text-align: justify\">Les impressions papiers sont g\u00e9r\u00e9es uniquement par La personne en charge des archives communales ou le personnel communal. En ce cas, la remise du document peut \u00eatre diff\u00e9r\u00e9e et sans limite de d\u00e9lai.<\/p>\n<p style=\"text-align: justify\">Les impressions papiers sont payantes (selon la d\u00e9lib\u00e9ration fixant l\u2019ensemble des tarifs communaux en vigueur).<\/p>\n<p style=\"text-align: justify\">Seuls peuvent \u00eatre photocopi\u00e9s les documents dans un \u00e9tat de conservation mat\u00e9rielle satisfaisant. La personne en charge des archives communales ou le personnel communal est seul juge pour d\u00e9terminer si la reproduction est possible ou non. Sont exclus de la photocopie (liste non exhaustive) :<\/p>\n<ul>\n<li>les documents sur parchemin<\/li>\n<li>les documents fragiles, en particulier les documents figur\u00e9s, ou d\u00e9grad\u00e9s<\/li>\n<li>les documents consult\u00e9s par d\u00e9rogation<\/li>\n<li style=\"text-align: justify\">les ouvrages manuscrits ou imprim\u00e9s ayant le caract\u00e8re d\u2019\u0153uvre de l\u2019esprit en sens du code de la propri\u00e9t\u00e9 intellectuelle non tomb\u00e9s dans le domaine public.<\/li>\n<\/ul>\n<p style=\"text-align: justify\">Les demandes sont \u00e0 d\u00e9poser \u00e0 l\u2019accueil de la Mairie de Sixt-sur-Aff ou \u00e0 envoyer par message \u00e9lectronique \u00e0 mairie@sixt-sur-aff.fr<\/p>\n<p style=\"text-align: justify\">La r\u00e9utilisation des archives communales de Sixt-sur-Aff est gratuite. La r\u00e9utilisation des archives communales de Sixt-sur-Aff, pour publication gratuite, commerciale ou scientifique, est soumise \u00e0 la condition que ces derni\u00e8res ne soient aucunement modifi\u00e9es ni alt\u00e9r\u00e9es, que leur sens ne soit pas d\u00e9natur\u00e9 et, que leurs sources soient mentionn\u00e9es sous la forme \u00ab Archives communales de Sixt-sur-Aff, cote \u00bb.<\/p>\n<p style=\"text-align: justify\">Attention : Toute reproduction de documents des archives municipales en vue d\u2019un autre usage que celui priv\u00e9 du demandeur, et notamment \u00e0 des fins de publication, de travaux scientifiques ou d\u2019exploitation commerciale, doit faire l\u2019objet d\u2019une demande de r\u00e9utilisation des donn\u00e9es publiques aupr\u00e8s du Maire.<\/p>\n<p>&nbsp;<\/p>\n<p style=\"text-align: right\"><span style=\"font-size: 14px;color: #800000\"><strong><span class=\"tadv-color\"><a style=\"color: #800000\" href=\"http:\/\/acsixt.hypotheses.org\/vos-recherches\"><em>=&gt; Retour \u00e0 la section \u00ab\u00a0Vos recherches\u00a0\u00bb<\/em><\/a><\/span><\/strong><\/span><\/p>\n<p style=\"text-align: center\"><span style=\"color: #800000;font-size: 14px\"><strong><span class=\"tadv-color\"><a style=\"color: #800000\" href=\"https:\/\/acsixt.hypotheses.org\/mentions-legales\">Mentions l\u00e9gales<\/a> &#8211; <a style=\"color: #800000\" href=\"http:\/\/acsixt.hypotheses.org\/a-propos\">A propos de<\/a> &#8211; <a style=\"color: #800000\" href=\"https:\/\/acsixt.hypotheses.org\/credits\">Cr\u00e9dits<\/a> &#8211; <\/span><\/strong> <\/span><strong><span style=\"color: #800000;font-size: 14px\"><a style=\"color: #800000\" href=\"http:\/\/acsixt.hypotheses.org\/informations-pratiques\">Infos pratiques<\/a> &#8211; <a style=\"color: #800000\" href=\"http:\/\/acsixt.hypotheses.org\/contact\">Contact<\/a><\/span><\/strong><\/p>\n","protected":false},"excerpt":{"rendered":"<p>REPRODUCTION ET R\u00c9UTILISATION DES ARCHIVES \u00a0\u00a0\u00a0\u00a0 La personne en charge des archives communales ou le personnel communal autorise les reproductions sans flash. Les impressions papiers sont g\u00e9r\u00e9es uniquement par La personne en charge des archives communales ou le personnel communal. En ce cas, la remise du document peut \u00eatre diff\u00e9r\u00e9e et sans limite de d\u00e9lai. &hellip; <a href=\"https:\/\/archives.sixt-sur-aff.fr\/?page_id=191\" class=\"more-link\">Continuer la lecture de <span class=\"screen-reader-text\">Vos recherches &#8211; Reproduction &#8211; R\u00e9utilisation<\/span>  <span class=\"meta-nav\">&rarr;<\/span><\/a><\/p>\n","protected":false},"author":1,"featured_media":0,"parent":0,"menu_order":0,"comment_status":"closed","ping_status":"closed","template":"page-templates\/full-width.php","meta":{"footnotes":""},"class_list":["post-191","page","type-page","status-publish","hentry"],"_links":{"self":[{"href":"https:\/\/archives.sixt-sur-aff.fr\/index.php?rest_route=\/wp\/v2\/pages\/191","targetHints":{"allow":["GET"]}}],"collection":[{"href":"https:\/\/archives.sixt-sur-aff.fr\/index.php?rest_route=\/wp\/v2\/pages"}],"about":[{"href":"https:\/\/archives.sixt-sur-aff.fr\/index.php?rest_route=\/wp\/v2\/types\/page"}],"author":[{"embeddable":true,"href":"https:\/\/archives.sixt-sur-aff.fr\/index.php?rest_route=\/wp\/v2\/users\/1"}],"replies":[{"embeddable":true,"href":"https:\/\/archives.sixt-sur-aff.fr\/index.php?rest_route=%2Fwp%2Fv2%2Fcomments&post=191"}],"version-history":[{"count":0,"href":"https:\/\/archives.sixt-sur-aff.fr\/index.php?rest_route=\/wp\/v2\/pages\/191\/revisions"}],"wp:attachment":[{"href":"https:\/\/archives.sixt-sur-aff.fr\/index.php?rest_route=%2Fwp%2Fv2%2Fmedia&parent=191"}],"curies":[{"name":"wp","href":"https:\/\/api.w.org\/{rel}","templated":true}]}}