{"id":221,"date":"2020-03-28T14:18:27","date_gmt":"2020-03-28T12:18:27","guid":{"rendered":"http:\/\/acsixt.hypotheses.org\/?page_id=221"},"modified":"2020-03-28T14:18:27","modified_gmt":"2020-03-28T12:18:27","slug":"informations-pratiques","status":"publish","type":"page","link":"https:\/\/archives.sixt-sur-aff.fr\/?page_id=221","title":{"rendered":"INFORMATIONS PRATIQUES"},"content":{"rendered":"<p>&nbsp;<\/p>\n<p><span style=\"text-decoration: underline;font-family: arial, helvetica, sans-serif\"><strong><span style=\"font-size: 14px\">Adresse postale<\/span><\/strong><\/span><br \/><span style=\"font-size: 14px;font-family: arial, helvetica, sans-serif\">Mairie de Sixt-sur-Aff<\/span><br \/><span style=\"font-family: arial, helvetica, sans-serif\"><span style=\"font-size: 14px\">2 rue Onffroy de la Rosi\u00e8re<br \/><\/span><span style=\"font-size: 14px\">35 550\u00a0 SIXT-SUR-AFF<\/span><\/span><\/p>\n\n<p><strong><u>Localisation<\/u><\/strong><\/p>\n\n\n<p><iframe loading=\"lazy\" src=\"https:\/\/www.google.com\/maps\/embed?pb=!1m14!1m8!1m3!1d797.1478861394316!2d-2.0799013466307663!3d47.77611149269672!3m2!1i1024!2i768!4f13.1!3m3!1m2!1s0x480fa1a36b99b877%3A0x31f450c585e9ff70!2sMairie%20de%20Sixt-sur-Aff!5e0!3m2!1sfr!2sfr!4v1585400907165!5m2!1sfr!2sfr\" width=\"600\" height=\"450\" frameborder=\"0\"><\/iframe><\/p>\n\n\n\n<p><strong>Acc\u00e8s aux publics uniquement sur r\u00e9servation<\/strong><br \/>Pi\u00e8ce de consultation situ\u00e9e au rez-de-chauss\u00e9e\u00a0 et d&rsquo;une capacit\u00e9 d&rsquo;accueil de 3 personnes maximum.<br \/><strong>Chaque mardi de 9h00 \u00e0 12h30 et de 14h00 \u00e0 17h30<\/strong>.<br \/><strong>Pour r\u00e9server<\/strong>, merci d&rsquo;appeler au <span style=\"text-decoration: underline\">02.99.70.01.88<\/span> ou d&rsquo;envoyer un courriel \u00e0 <span style=\"text-decoration: underline\">mairie@sixt-sur-aff.fr<\/span><\/p>\n\n\n\n<p><strong>Organisation des demandes de documents<\/strong><br \/>&#8211; Les <span style=\"text-decoration: underline\">demandes dites simple li\u00e9es \u00e0 l&rsquo;\u00e9tat civil ou aux informations cadastrales <\/span>peuvent \u00eatre faites sans r\u00e9servation.<br \/>&#8211; Pour <span style=\"text-decoration: underline\">toutes recherches administratives, historiques, scientifiques, techniques, rattach\u00e9es aux statistiques ou universitaires<\/span>, merci pr\u00e9parer votre venue en consultant les inventaires en ligne et d&rsquo;indiquer les documents que vous souhaiter consulter.<\/p>\n\n\n\n<p><strong>Communication des archives publiques<\/strong><br \/>La consultation des documents et pi\u00e8ces d\u2019archives de la commune de Sixt-sur-Aff est fix\u00e9e par la loi du 15 juillet 2008 qui instaure un principe g\u00e9n\u00e9ral de communicabilit\u00e9 imm\u00e9diate, except\u00e9s certains des dits documents qui, en raison de leur contenu ou de leur nature, ne sont accessibles qu\u2019\u00e0 l\u2019expiration des d\u00e9lais de communicabilit\u00e9 (articles L.213-1 \u00e0 L.213-8 du Code du patrimoine).<\/p>\n<p style=\"text-align: right\"><span style=\"font-size: 14px;color: #800000\"><strong><span class=\"tadv-color\"><a style=\"color: #800000\" href=\"https:\/\/acsixt.hypotheses.org\/les-archives\"><em>=&gt; Retour \u00e0 la section \u00ab\u00a0Les Archives\u00a0\u00bb<\/em><\/a><\/span><\/strong><\/span><\/p>\n<p style=\"text-align: center\"><span style=\"font-size: 14px;color: #800000\"><strong><span class=\"tadv-color\"><a style=\"color: #800000\" href=\"https:\/\/acsixt.hypotheses.org\/mentions-legales\">Mentions l\u00e9gales<\/a> &#8211; <a style=\"color: #800000\" href=\"http:\/\/acsixt.hypotheses.org\/a-propos\">A propos de<\/a> &#8211; <a style=\"color: #800000\" href=\"https:\/\/acsixt.hypotheses.org\/credits\">Cr\u00e9dits<\/a> &#8211; <\/span><\/strong> <strong><a style=\"color: #800000\" href=\"http:\/\/acsixt.hypotheses.org\/informations-pratiques\">Infos pratiques<\/a> &#8211; <a style=\"color: #800000\" href=\"https:\/\/acsixt.hypotheses.org\/contact\">Contact<\/a><\/strong><\/span><\/p>\n","protected":false},"excerpt":{"rendered":"<p>&nbsp; Adresse postaleMairie de Sixt-sur-Aff2 rue Onffroy de la Rosi\u00e8re35 550\u00a0 SIXT-SUR-AFF Localisation Acc\u00e8s aux publics uniquement sur r\u00e9servationPi\u00e8ce de consultation situ\u00e9e au rez-de-chauss\u00e9e\u00a0 et d&rsquo;une capacit\u00e9 d&rsquo;accueil de 3 personnes maximum.Chaque mardi de 9h00 \u00e0 12h30 et de 14h00 \u00e0 17h30.Pour r\u00e9server, merci d&rsquo;appeler au 02.99.70.01.88 ou d&rsquo;envoyer un courriel \u00e0 mairie@sixt-sur-aff.fr Organisation des &hellip; <a href=\"https:\/\/archives.sixt-sur-aff.fr\/?page_id=221\" class=\"more-link\">Continuer la lecture de <span class=\"screen-reader-text\">INFORMATIONS PRATIQUES<\/span>  <span class=\"meta-nav\">&rarr;<\/span><\/a><\/p>\n","protected":false},"author":1,"featured_media":0,"parent":0,"menu_order":0,"comment_status":"closed","ping_status":"closed","template":"","meta":{"footnotes":""},"class_list":["post-221","page","type-page","status-publish","hentry"],"_links":{"self":[{"href":"https:\/\/archives.sixt-sur-aff.fr\/index.php?rest_route=\/wp\/v2\/pages\/221","targetHints":{"allow":["GET"]}}],"collection":[{"href":"https:\/\/archives.sixt-sur-aff.fr\/index.php?rest_route=\/wp\/v2\/pages"}],"about":[{"href":"https:\/\/archives.sixt-sur-aff.fr\/index.php?rest_route=\/wp\/v2\/types\/page"}],"author":[{"embeddable":true,"href":"https:\/\/archives.sixt-sur-aff.fr\/index.php?rest_route=\/wp\/v2\/users\/1"}],"replies":[{"embeddable":true,"href":"https:\/\/archives.sixt-sur-aff.fr\/index.php?rest_route=%2Fwp%2Fv2%2Fcomments&post=221"}],"version-history":[{"count":0,"href":"https:\/\/archives.sixt-sur-aff.fr\/index.php?rest_route=\/wp\/v2\/pages\/221\/revisions"}],"wp:attachment":[{"href":"https:\/\/archives.sixt-sur-aff.fr\/index.php?rest_route=%2Fwp%2Fv2%2Fmedia&parent=221"}],"curies":[{"name":"wp","href":"https:\/\/api.w.org\/{rel}","templated":true}]}}