{"id":223,"date":"2020-03-28T14:18:39","date_gmt":"2020-03-28T12:18:39","guid":{"rendered":"http:\/\/acsixt.hypotheses.org\/?page_id=223"},"modified":"2020-03-28T14:18:39","modified_gmt":"2020-03-28T12:18:39","slug":"contact","status":"publish","type":"page","link":"https:\/\/archives.sixt-sur-aff.fr\/?page_id=223","title":{"rendered":"Formulaire de contact"},"content":{"rendered":"<p><iframe loading=\"lazy\" src=\"https:\/\/forms.office.com\/Pages\/ResponsePage.aspx?id=yYOnP0uNPEe0oHGVZYYiPs2N8J_pUH5Osjv3UMeULBRUQUhaSVlYRDVPOTlIWFpLUTFXQUI0UElPUi4u&amp;embed=true\" width=\"800px\" height=\"1500px\" frameborder=\"0\" marginwidth=\"0\" marginheight=\"0\"><span style=\"width: 0px;overflow: hidden;line-height: 0\" data-mce-type=\"bookmark\" class=\"mce_SELRES_start\">\ufeff<\/span><span style=\"width: 0px;overflow: hidden;line-height: 0\" data-mce-type=\"bookmark\" class=\"mce_SELRES_start\">\ufeff<\/span> <\/iframe><\/p>\n<p style=\"text-align: justify\">Pour conna\u00eetre et exercer vos droits, notamment de retrait de votre consentement \u00e0 l&rsquo;utilisation des donn\u00e9es personnelles collect\u00e9es par ce formulaire, veuillez consulter nos <a href=\"http:\/\/acsixt.hypotheses.org\/mentions-legales\">Mentions l\u00e9gales<\/a>.<\/p>\n","protected":false},"excerpt":{"rendered":"<p>\ufeff\ufeff Pour conna\u00eetre et exercer vos droits, notamment de retrait de votre consentement \u00e0 l&rsquo;utilisation des donn\u00e9es personnelles collect\u00e9es par ce formulaire, veuillez consulter nos Mentions l\u00e9gales.<\/p>\n","protected":false},"author":1,"featured_media":0,"parent":0,"menu_order":0,"comment_status":"closed","ping_status":"closed","template":"page-templates\/full-width.php","meta":{"footnotes":""},"class_list":["post-223","page","type-page","status-publish","hentry"],"_links":{"self":[{"href":"https:\/\/archives.sixt-sur-aff.fr\/index.php?rest_route=\/wp\/v2\/pages\/223","targetHints":{"allow":["GET"]}}],"collection":[{"href":"https:\/\/archives.sixt-sur-aff.fr\/index.php?rest_route=\/wp\/v2\/pages"}],"about":[{"href":"https:\/\/archives.sixt-sur-aff.fr\/index.php?rest_route=\/wp\/v2\/types\/page"}],"author":[{"embeddable":true,"href":"https:\/\/archives.sixt-sur-aff.fr\/index.php?rest_route=\/wp\/v2\/users\/1"}],"replies":[{"embeddable":true,"href":"https:\/\/archives.sixt-sur-aff.fr\/index.php?rest_route=%2Fwp%2Fv2%2Fcomments&post=223"}],"version-history":[{"count":0,"href":"https:\/\/archives.sixt-sur-aff.fr\/index.php?rest_route=\/wp\/v2\/pages\/223\/revisions"}],"wp:attachment":[{"href":"https:\/\/archives.sixt-sur-aff.fr\/index.php?rest_route=%2Fwp%2Fv2%2Fmedia&parent=223"}],"curies":[{"name":"wp","href":"https:\/\/api.w.org\/{rel}","templated":true}]}}