{"id":364,"date":"2020-04-01T15:08:12","date_gmt":"2020-04-01T13:08:12","guid":{"rendered":"http:\/\/acsixt.hypotheses.org\/?page_id=364"},"modified":"2020-04-01T15:08:12","modified_gmt":"2020-04-01T13:08:12","slug":"les-archives","status":"publish","type":"page","link":"https:\/\/archives.sixt-sur-aff.fr\/?page_id=364","title":{"rendered":"Les Archives"},"content":{"rendered":"\n<p>Dans cette section&#8230;<\/p>\n<p style=\"text-align: justify\">Nous vous proposons de d\u00e9couvrir, dans un premier temps, <a href=\"http:\/\/acsixt.hypotheses.org\/presentation\">le monde des archives<\/a> ainsi que le r\u00f4le et les missions qui ont \u00e9t\u00e9 confi\u00e9es \u00e0 la ou les personne(s) en charge de leur conservation. Si vous souhaitez consulter les archives de la commune de Sixt-sur-Aff, vous trouverez dans cette m\u00eame section <a href=\"http:\/\/acsixt.hypotheses.org\/informations-pratiques\">les informations pratiques<\/a> qui vous permettra de conna\u00eetre les d\u00e9marches \u00e0 effectuer avant de vous d\u00e9placer. Enfin, nous \u00e9voquerons <a href=\"http:\/\/acsixt.hypotheses.org\/vos-archives\">vos archives<\/a>, qu&rsquo;il s&rsquo;agisse de documents familiaux, d&rsquo;entreprise ou d&rsquo;association, qui sont depuis toujours une formidable m\u00e9moire locale et peuvent r\u00e9server de belles surprises.<\/p>\n<p style=\"text-align: justify\">Dans un second temps, nous vous proposons d&rsquo;explorer <a href=\"http:\/\/acsixt.hypotheses.org\/open-data\">l&rsquo;univers des donn\u00e9es publiques<\/a> provenant des archives elles-m\u00eames et qui vous permettent de localiser\u00a0 sur une carte interactive (\u00e0 l\u2019aide de votre t\u00e9l\u00e9phone portable ou de votre ordinateur de bureau) une rue, le lieu d&rsquo;une exposition, un sentier de randonn\u00e9e, des toilettes publiques, une borne de recharge \u00e9lectrique, mais aussi de d\u00e9couvrir quels sont les pr\u00e9noms les plus populaires, de conna\u00eetre les menus de la cantine, de consulter les d\u00e9lib\u00e9rations approuv\u00e9es par le Conseil municipal&#8230;<\/p>\n<p style=\"text-align: right\"><strong><em>Bonne lecture<\/em><\/strong><\/p>\n<p>&nbsp;<\/p>\n<p style=\"text-align: center\"><span style=\"font-size: 14px;color: #800000\"><strong><span class=\"tadv-color\"><a style=\"color: #800000\" href=\"https:\/\/acsixt.hypotheses.org\/mentions-legales\">Mentions l\u00e9gales<\/a> &#8211; <a style=\"color: #800000\" href=\"http:\/\/acsixt.hypotheses.org\/a-propos\">A propos de<\/a> &#8211; <a style=\"color: #800000\" href=\"https:\/\/acsixt.hypotheses.org\/credits\">Cr\u00e9dits<\/a> &#8211; <\/span><\/strong> <strong><a style=\"color: #800000\" href=\"http:\/\/acsixt.hypotheses.org\/informations-pratiques\">Infos pratiques<\/a> &#8211; <a style=\"color: #800000\" href=\"https:\/\/acsixt.hypotheses.org\/contact\">Contact<\/a><\/strong><\/span><\/p>\n<p>&nbsp;<\/p>\n","protected":false},"excerpt":{"rendered":"<p>Dans cette section&#8230; Nous vous proposons de d\u00e9couvrir, dans un premier temps, le monde des archives ainsi que le r\u00f4le et les missions qui ont \u00e9t\u00e9 confi\u00e9es \u00e0 la ou les personne(s) en charge de leur conservation. Si vous souhaitez consulter les archives de la commune de Sixt-sur-Aff, vous trouverez dans cette m\u00eame section les &hellip; <a href=\"https:\/\/archives.sixt-sur-aff.fr\/?page_id=364\" class=\"more-link\">Continuer la lecture de <span class=\"screen-reader-text\">Les Archives<\/span>  <span class=\"meta-nav\">&rarr;<\/span><\/a><\/p>\n","protected":false},"author":1,"featured_media":0,"parent":0,"menu_order":0,"comment_status":"closed","ping_status":"closed","template":"page-templates\/full-width.php","meta":{"footnotes":""},"class_list":["post-364","page","type-page","status-publish","hentry"],"_links":{"self":[{"href":"https:\/\/archives.sixt-sur-aff.fr\/index.php?rest_route=\/wp\/v2\/pages\/364","targetHints":{"allow":["GET"]}}],"collection":[{"href":"https:\/\/archives.sixt-sur-aff.fr\/index.php?rest_route=\/wp\/v2\/pages"}],"about":[{"href":"https:\/\/archives.sixt-sur-aff.fr\/index.php?rest_route=\/wp\/v2\/types\/page"}],"author":[{"embeddable":true,"href":"https:\/\/archives.sixt-sur-aff.fr\/index.php?rest_route=\/wp\/v2\/users\/1"}],"replies":[{"embeddable":true,"href":"https:\/\/archives.sixt-sur-aff.fr\/index.php?rest_route=%2Fwp%2Fv2%2Fcomments&post=364"}],"version-history":[{"count":0,"href":"https:\/\/archives.sixt-sur-aff.fr\/index.php?rest_route=\/wp\/v2\/pages\/364\/revisions"}],"wp:attachment":[{"href":"https:\/\/archives.sixt-sur-aff.fr\/index.php?rest_route=%2Fwp%2Fv2%2Fmedia&parent=364"}],"curies":[{"name":"wp","href":"https:\/\/api.w.org\/{rel}","templated":true}]}}