{"id":506,"date":"2020-04-09T10:57:39","date_gmt":"2020-04-09T08:57:39","guid":{"rendered":"http:\/\/acsixt.hypotheses.org\/?page_id=506"},"modified":"2020-04-09T10:57:39","modified_gmt":"2020-04-09T08:57:39","slug":"sixt-en-images","status":"publish","type":"page","link":"https:\/\/archives.sixt-sur-aff.fr\/?page_id=506","title":{"rendered":"SIXT EN IMAGES"},"content":{"rendered":"\n<p>D\u00e9couvrez la commune de Sixt-sur-Aff photographi\u00e9e \u00e0 diff\u00e9rentes \u00e9poques. <\/p>\n\n\n\n<figure class=\"wp-block-gallery columns-3 is-cropped wp-block-gallery-1 is-layout-flex wp-block-gallery-is-layout-flex\"><ul class=\"blocks-gallery-grid\"><li class=\"blocks-gallery-item\"><figure><a href=\"http:\/\/acsixt.hypotheses.org\/files\/2020\/04\/SixtsurAff_Ecoledesfilles_2017-scaled.jpg\"><img decoding=\"async\" src=\"http:\/\/acsixt.hypotheses.org\/files\/2020\/04\/SixtsurAff_Ecoledesfilles_2017-500x375.jpg\" alt=\"\" data-id=\"507\" data-full-url=\"http:\/\/acsixt.hypotheses.org\/files\/2020\/04\/SixtsurAff_Ecoledesfilles_2017-scaled.jpg\" data-link=\"http:\/\/acsixt.hypotheses.org\/sixt-en-images\/sixtsuraff_ecoledesfilles_2017\" class=\"wp-image-507\" \/><\/a><\/figure><\/li><li class=\"blocks-gallery-item\"><figure><a href=\"http:\/\/acsixt.hypotheses.org\/files\/2020\/04\/SixtsurAff_Puitscommunal-EcoledesFilles_2017-scaled.jpg\"><img decoding=\"async\" src=\"http:\/\/acsixt.hypotheses.org\/files\/2020\/04\/SixtsurAff_Puitscommunal-EcoledesFilles_2017-500x375.jpg\" alt=\"\" data-id=\"509\" data-full-url=\"http:\/\/acsixt.hypotheses.org\/files\/2020\/04\/SixtsurAff_Puitscommunal-EcoledesFilles_2017-scaled.jpg\" data-link=\"http:\/\/acsixt.hypotheses.org\/sixt-en-images\/sixtsuraff_puitscommunal-ecoledesfilles_2017\" class=\"wp-image-509\" \/><\/a><\/figure><\/li><li class=\"blocks-gallery-item\"><figure><a href=\"http:\/\/acsixt.hypotheses.org\/files\/2020\/04\/SixtsurAff_Fourapain_2017-scaled.jpg\"><img decoding=\"async\" src=\"http:\/\/acsixt.hypotheses.org\/files\/2020\/04\/SixtsurAff_Fourapain_2017-500x329.jpg\" alt=\"\" data-id=\"508\" data-full-url=\"http:\/\/acsixt.hypotheses.org\/files\/2020\/04\/SixtsurAff_Fourapain_2017-scaled.jpg\" data-link=\"http:\/\/acsixt.hypotheses.org\/sixt-en-images\/sixtsuraff_fourapain_2017\" class=\"wp-image-508\" \/><\/a><\/figure><\/li><\/ul><\/figure>\n","protected":false},"excerpt":{"rendered":"<p>D\u00e9couvrez la commune de Sixt-sur-Aff photographi\u00e9e \u00e0 diff\u00e9rentes \u00e9poques.<\/p>\n","protected":false},"author":1,"featured_media":0,"parent":0,"menu_order":0,"comment_status":"closed","ping_status":"closed","template":"","meta":{"footnotes":""},"class_list":["post-506","page","type-page","status-publish","hentry"],"_links":{"self":[{"href":"https:\/\/archives.sixt-sur-aff.fr\/index.php?rest_route=\/wp\/v2\/pages\/506","targetHints":{"allow":["GET"]}}],"collection":[{"href":"https:\/\/archives.sixt-sur-aff.fr\/index.php?rest_route=\/wp\/v2\/pages"}],"about":[{"href":"https:\/\/archives.sixt-sur-aff.fr\/index.php?rest_route=\/wp\/v2\/types\/page"}],"author":[{"embeddable":true,"href":"https:\/\/archives.sixt-sur-aff.fr\/index.php?rest_route=\/wp\/v2\/users\/1"}],"replies":[{"embeddable":true,"href":"https:\/\/archives.sixt-sur-aff.fr\/index.php?rest_route=%2Fwp%2Fv2%2Fcomments&post=506"}],"version-history":[{"count":0,"href":"https:\/\/archives.sixt-sur-aff.fr\/index.php?rest_route=\/wp\/v2\/pages\/506\/revisions"}],"wp:attachment":[{"href":"https:\/\/archives.sixt-sur-aff.fr\/index.php?rest_route=%2Fwp%2Fv2%2Fmedia&parent=506"}],"curies":[{"name":"wp","href":"https:\/\/api.w.org\/{rel}","templated":true}]}}